{"id":5927,"date":"2025-03-20T13:48:38","date_gmt":"2025-03-20T13:48:38","guid":{"rendered":"https:\/\/vivasecret.shop\/?page_id=5927"},"modified":"2025-12-19T09:17:18","modified_gmt":"2025-12-19T09:17:18","slug":"%d0%be%d0%bf%d0%bb%d0%b0%d1%82%d0%b0-%d0%b8-%d0%b4%d0%be%d1%81%d1%82%d0%b0%d0%b2%d0%ba%d0%b0","status":"publish","type":"page","link":"https:\/\/vivasecret.md\/ro\/%d0%be%d0%bf%d0%bb%d0%b0%d1%82%d0%b0-%d0%b8-%d0%b4%d0%be%d1%81%d1%82%d0%b0%d0%b2%d0%ba%d0%b0\/","title":{"rendered":"Achitare \u0219i livrare"},"content":{"rendered":"<div class=\"wp-block-uagb-container uagb-block-4ea82442 alignfull uagb-is-root-container\"><div class=\"uagb-container-inner-blocks-wrap\">\n<div class=\"wp-block-uagb-advanced-heading uagb-block-5cb667a4\"><h1 class=\"uagb-heading-text\">Achitare \u0219i livrare<\/h1><\/div>\n<\/div><\/div>\n\n\n\n<div class=\"wp-block-uagb-container uagb-block-cb631c61 alignfull uagb-is-root-container\"><div class=\"uagb-container-inner-blocks-wrap\">\n<div class=\"wp-block-uagb-container uagb-block-cd3467fd\">\n<div class=\"wp-block-uagb-info-box uagb-block-77a5fe8f uagb-infobox__content-wrap  uagb-infobox-icon-above-title uagb-infobox-image-valign-top\"><div class=\"uagb-ifb-content\"><div class=\"uagb-ifb-title-wrap\"><h3 class=\"uagb-ifb-title\"><strong>Plata comenzii<\/strong><\/h3><\/div><p class=\"uagb-ifb-desc\">Plata comenzii se efectueaz\u0103 \u00een lei moldovene\u0219ti.<br>Pute\u021bi pl\u0103ti comanda \u00een numerar sau cu cardul.<\/p><\/div><\/div>\n\n\n\n<div class=\"wp-block-uagb-info-box uagb-block-c6fc72e8 uagb-infobox__content-wrap  uagb-infobox-icon-above-title uagb-infobox-image-valign-top\"><div class=\"uagb-ifb-content\"><div class=\"uagb-ifb-title-wrap\"><h3 class=\"uagb-ifb-title\"><strong>Livrarea comenzii<\/strong><\/h3><\/div><p class=\"uagb-ifb-desc\">Livrarea se face pe \u00eentreg teritoriul Moldovei prin serviciul Po\u0219ta Moldovei. Comanda va fi livrat\u0103 la oficiul Po\u0219tei Moldovei.<br>Costul livr\u0103rii \u00een Moldova \u2014 50 de lei.<br><br>Livrarea \u00een Chi\u0219in\u0103u se face prin curierul Nova Post.<br>Costul livr\u0103rii prin curier \u00een Chi\u0219in\u0103u \u2014 50 de lei.<\/p><\/div><\/div>\n\n\n\n<div class=\"wp-block-uagb-info-box uagb-block-0457b527 uagb-infobox__content-wrap  uagb-infobox-icon-above-title uagb-infobox-image-valign-top\"><div class=\"uagb-ifb-content\"><div class=\"uagb-ifb-title-wrap\"><h3 class=\"uagb-ifb-title\"><strong>Ridicarea personal\u0103 a comenzii<\/strong><\/h3><\/div><p class=\"uagb-ifb-desc\">Nu avem un magazin fizic, \u00eens\u0103 v\u0103 putem preda comanda la intrarea \u00een centrul comercial Elat, pe adresa Decebal 99, Botanica, Chi\u0219in\u0103u, sau \u00een apropiere de McDonald\u2019s, pe adresa Dacia 21\/1, Botanica, Chi\u0219in\u0103u (intersec\u021bia str\u0103zilor Dacia \u0219i Decebal).<br><\/p><\/div><\/div>\n<\/div>\n<\/div><\/div>\n\n\n\n<p><\/p>","protected":false},"excerpt":{"rendered":"<p>Achitare \u0219i livrare<\/p>","protected":false},"author":1,"featured_media":0,"parent":0,"menu_order":0,"comment_status":"closed","ping_status":"closed","template":"","meta":{"_uag_custom_page_level_css":"","site-sidebar-layout":"no-sidebar","site-content-layout":"plain-container","ast-site-content-layout":"full-width-container","site-content-style":"default","site-sidebar-style":"default","ast-global-header-display":"","ast-banner-title-visibility":"","ast-main-header-display":"","ast-hfb-above-header-display":"","ast-hfb-below-header-display":"","ast-hfb-mobile-header-display":"","site-post-title":"disabled","ast-breadcrumbs-content":"","ast-featured-img":"","footer-sml-layout":"","ast-disable-related-posts":"","theme-transparent-header-meta":"enabled","adv-header-id-meta":"","stick-header-meta":"","header-above-stick-meta":"","header-main-stick-meta":"","header-below-stick-meta":"","astra-migrate-meta-layouts":"set","ast-page-background-enabled":"default","ast-page-background-meta":{"desktop":{"background-color":"","background-image":"","background-repeat":"repeat","background-position":"center center","background-size":"auto","background-attachment":"scroll","background-type":"","background-media":"","overlay-type":"","overlay-color":"","overlay-opacity":"","overlay-gradient":""},"tablet":{"background-color":"","background-image":"","background-repeat":"repeat","background-position":"center center","background-size":"auto","background-attachment":"scroll","background-type":"","background-media":"","overlay-type":"","overlay-color":"","overlay-opacity":"","overlay-gradient":""},"mobile":{"background-color":"","background-image":"","background-repeat":"repeat","background-position":"center center","background-size":"auto","background-attachment":"scroll","background-type":"","background-media":"","overlay-type":"","overlay-color":"","overlay-opacity":"","overlay-gradient":""}},"ast-content-background-meta":{"desktop":{"background-color":"var(--ast-global-color-5)","background-image":"","background-repeat":"repeat","background-position":"center center","background-size":"auto","background-attachment":"scroll","background-type":"","background-media":"","overlay-type":"","overlay-color":"","overlay-opacity":"","overlay-gradient":""},"tablet":{"background-color":"var(--ast-global-color-5)","background-image":"","background-repeat":"repeat","background-position":"center center","background-size":"auto","background-attachment":"scroll","background-type":"","background-media":"","overlay-type":"","overlay-color":"","overlay-opacity":"","overlay-gradient":""},"mobile":{"background-color":"var(--ast-global-color-5)","background-image":"","background-repeat":"repeat","background-position":"center center","background-size":"auto","background-attachment":"scroll","background-type":"","background-media":"","overlay-type":"","overlay-color":"","overlay-opacity":"","overlay-gradient":""}},"footnotes":""},"class_list":["post-5927","page","type-page","status-publish","hentry"],"yoast_head":"<!-- This site is optimized with the Yoast SEO plugin v27.3 - https:\/\/yoast.com\/product\/yoast-seo-wordpress\/ -->\n<title>\u041e\u043f\u043b\u0430\u0442\u0430 \u0438 \u0434\u043e\u0441\u0442\u0430\u0432\u043a\u0430 - VivaSecret - Victoria\u2019s Secret Moldova<\/title>\n<meta name=\"robots\" content=\"index, follow, max-snippet:-1, max-image-preview:large, max-video-preview:-1\" \/>\n<link rel=\"canonical\" href=\"https:\/\/vivasecret.md\/ro\/\u043e\u043f\u043b\u0430\u0442\u0430-\u0438-\u0434\u043e\u0441\u0442\u0430\u0432\u043a\u0430\/\" \/>\n<meta property=\"og:locale\" content=\"ro_RO\" \/>\n<meta property=\"og:type\" content=\"article\" \/>\n<meta property=\"og:title\" content=\"\u041e\u043f\u043b\u0430\u0442\u0430 \u0438 \u0434\u043e\u0441\u0442\u0430\u0432\u043a\u0430 - VivaSecret - Victoria\u2019s Secret Moldova\" \/>\n<meta property=\"og:description\" content=\"\u041e\u043f\u043b\u0430\u0442\u0430 \u0438 \u0434\u043e\u0441\u0442\u0430\u0432\u043a\u0430\" \/>\n<meta property=\"og:url\" content=\"https:\/\/vivasecret.md\/ro\/\u043e\u043f\u043b\u0430\u0442\u0430-\u0438-\u0434\u043e\u0441\u0442\u0430\u0432\u043a\u0430\/\" \/>\n<meta property=\"og:site_name\" content=\"VivaSecret - Victoria\u2019s Secret Moldova\" \/>\n<meta property=\"article:publisher\" content=\"https:\/\/www.facebook.com\/vivasecret.md\" \/>\n<meta property=\"article:modified_time\" content=\"2025-12-19T09:17:18+00:00\" \/>\n<meta name=\"twitter:card\" content=\"summary_large_image\" \/>\n<meta name=\"twitter:label1\" content=\"Timp estimat pentru citire\" \/>\n\t<meta name=\"twitter:data1\" content=\"1 minut\" \/>\n<script type=\"application\/ld+json\" class=\"yoast-schema-graph\">{\"@context\":\"https:\\\/\\\/schema.org\",\"@graph\":[{\"@type\":\"WebPage\",\"@id\":\"https:\\\/\\\/vivasecret.md\\\/%d0%be%d0%bf%d0%bb%d0%b0%d1%82%d0%b0-%d0%b8-%d0%b4%d0%be%d1%81%d1%82%d0%b0%d0%b2%d0%ba%d0%b0\\\/\",\"url\":\"https:\\\/\\\/vivasecret.md\\\/%d0%be%d0%bf%d0%bb%d0%b0%d1%82%d0%b0-%d0%b8-%d0%b4%d0%be%d1%81%d1%82%d0%b0%d0%b2%d0%ba%d0%b0\\\/\",\"name\":\"\u041e\u043f\u043b\u0430\u0442\u0430 \u0438 \u0434\u043e\u0441\u0442\u0430\u0432\u043a\u0430 - VivaSecret - Victoria\u2019s Secret Moldova\",\"isPartOf\":{\"@id\":\"https:\\\/\\\/vivasecret.md\\\/#website\"},\"datePublished\":\"2025-03-20T13:48:38+00:00\",\"dateModified\":\"2025-12-19T09:17:18+00:00\",\"breadcrumb\":{\"@id\":\"https:\\\/\\\/vivasecret.md\\\/%d0%be%d0%bf%d0%bb%d0%b0%d1%82%d0%b0-%d0%b8-%d0%b4%d0%be%d1%81%d1%82%d0%b0%d0%b2%d0%ba%d0%b0\\\/#breadcrumb\"},\"inLanguage\":\"ro-RO\",\"potentialAction\":[{\"@type\":\"ReadAction\",\"target\":[\"https:\\\/\\\/vivasecret.md\\\/%d0%be%d0%bf%d0%bb%d0%b0%d1%82%d0%b0-%d0%b8-%d0%b4%d0%be%d1%81%d1%82%d0%b0%d0%b2%d0%ba%d0%b0\\\/\"]}]},{\"@type\":\"BreadcrumbList\",\"@id\":\"https:\\\/\\\/vivasecret.md\\\/%d0%be%d0%bf%d0%bb%d0%b0%d1%82%d0%b0-%d0%b8-%d0%b4%d0%be%d1%81%d1%82%d0%b0%d0%b2%d0%ba%d0%b0\\\/#breadcrumb\",\"itemListElement\":[{\"@type\":\"ListItem\",\"position\":1,\"name\":\"\u0413\u043b\u0430\u0432\u043d\u0430\u044f \u0441\u0442\u0440\u0430\u043d\u0438\u0446\u0430\",\"item\":\"https:\\\/\\\/vivasecret.md\\\/\"},{\"@type\":\"ListItem\",\"position\":2,\"name\":\"\u041e\u043f\u043b\u0430\u0442\u0430 \u0438 \u0434\u043e\u0441\u0442\u0430\u0432\u043a\u0430\"}]},{\"@type\":\"WebSite\",\"@id\":\"https:\\\/\\\/vivasecret.md\\\/#website\",\"url\":\"https:\\\/\\\/vivasecret.md\\\/\",\"name\":\"VivaSecret | Victoria\u2019s Secret \u0432 \u041c\u043e\u043b\u0434\u043e\u0432\u0435\",\"description\":\"\u041e\u0440\u0438\u0433\u0438\u043d\u0430\u043b\u044c\u043d\u044b\u0435 \u043c\u0438\u0441\u0442\u044b \u0438 \u043b\u043e\u0441\u044c\u043e\u043d\u044b Victoria\u2019s Secret\",\"publisher\":{\"@id\":\"https:\\\/\\\/vivasecret.md\\\/#organization\"},\"potentialAction\":[{\"@type\":\"SearchAction\",\"target\":{\"@type\":\"EntryPoint\",\"urlTemplate\":\"https:\\\/\\\/vivasecret.md\\\/?s={search_term_string}\"},\"query-input\":{\"@type\":\"PropertyValueSpecification\",\"valueRequired\":true,\"valueName\":\"search_term_string\"}}],\"inLanguage\":\"ro-RO\"},{\"@type\":\"Organization\",\"@id\":\"https:\\\/\\\/vivasecret.md\\\/#organization\",\"name\":\"VivaSecret | Victoria\u2019s Secret \u0432 \u041c\u043e\u043b\u0434\u043e\u0432\u0435\",\"url\":\"https:\\\/\\\/vivasecret.md\\\/\",\"logo\":{\"@type\":\"ImageObject\",\"inLanguage\":\"ro-RO\",\"@id\":\"https:\\\/\\\/vivasecret.md\\\/#\\\/schema\\\/logo\\\/image\\\/\",\"url\":\"https:\\\/\\\/vivasecret.md\\\/wp-content\\\/uploads\\\/2025\\\/09\\\/Viva-Secret-22.png\",\"contentUrl\":\"https:\\\/\\\/vivasecret.md\\\/wp-content\\\/uploads\\\/2025\\\/09\\\/Viva-Secret-22.png\",\"width\":2048,\"height\":2048,\"caption\":\"VivaSecret | Victoria\u2019s Secret \u0432 \u041c\u043e\u043b\u0434\u043e\u0432\u0435\"},\"image\":{\"@id\":\"https:\\\/\\\/vivasecret.md\\\/#\\\/schema\\\/logo\\\/image\\\/\"},\"sameAs\":[\"https:\\\/\\\/www.facebook.com\\\/vivasecret.md\"]}]}<\/script>\n<!-- \/ Yoast SEO plugin. -->","yoast_head_json":{"title":"\u041e\u043f\u043b\u0430\u0442\u0430 \u0438 \u0434\u043e\u0441\u0442\u0430\u0432\u043a\u0430 - VivaSecret - Victoria\u2019s Secret Moldova","robots":{"index":"index","follow":"follow","max-snippet":"max-snippet:-1","max-image-preview":"max-image-preview:large","max-video-preview":"max-video-preview:-1"},"canonical":"https:\/\/vivasecret.md\/ro\/\u043e\u043f\u043b\u0430\u0442\u0430-\u0438-\u0434\u043e\u0441\u0442\u0430\u0432\u043a\u0430\/","og_locale":"ro_RO","og_type":"article","og_title":"\u041e\u043f\u043b\u0430\u0442\u0430 \u0438 \u0434\u043e\u0441\u0442\u0430\u0432\u043a\u0430 - VivaSecret - Victoria\u2019s Secret Moldova","og_description":"\u041e\u043f\u043b\u0430\u0442\u0430 \u0438 \u0434\u043e\u0441\u0442\u0430\u0432\u043a\u0430","og_url":"https:\/\/vivasecret.md\/ro\/\u043e\u043f\u043b\u0430\u0442\u0430-\u0438-\u0434\u043e\u0441\u0442\u0430\u0432\u043a\u0430\/","og_site_name":"VivaSecret - Victoria\u2019s Secret Moldova","article_publisher":"https:\/\/www.facebook.com\/vivasecret.md","article_modified_time":"2025-12-19T09:17:18+00:00","twitter_card":"summary_large_image","twitter_misc":{"Timp estimat pentru citire":"1 minut"},"schema":{"@context":"https:\/\/schema.org","@graph":[{"@type":"WebPage","@id":"https:\/\/vivasecret.md\/%d0%be%d0%bf%d0%bb%d0%b0%d1%82%d0%b0-%d0%b8-%d0%b4%d0%be%d1%81%d1%82%d0%b0%d0%b2%d0%ba%d0%b0\/","url":"https:\/\/vivasecret.md\/%d0%be%d0%bf%d0%bb%d0%b0%d1%82%d0%b0-%d0%b8-%d0%b4%d0%be%d1%81%d1%82%d0%b0%d0%b2%d0%ba%d0%b0\/","name":"\u041e\u043f\u043b\u0430\u0442\u0430 \u0438 \u0434\u043e\u0441\u0442\u0430\u0432\u043a\u0430 - VivaSecret - Victoria\u2019s Secret Moldova","isPartOf":{"@id":"https:\/\/vivasecret.md\/#website"},"datePublished":"2025-03-20T13:48:38+00:00","dateModified":"2025-12-19T09:17:18+00:00","breadcrumb":{"@id":"https:\/\/vivasecret.md\/%d0%be%d0%bf%d0%bb%d0%b0%d1%82%d0%b0-%d0%b8-%d0%b4%d0%be%d1%81%d1%82%d0%b0%d0%b2%d0%ba%d0%b0\/#breadcrumb"},"inLanguage":"ro-RO","potentialAction":[{"@type":"ReadAction","target":["https:\/\/vivasecret.md\/%d0%be%d0%bf%d0%bb%d0%b0%d1%82%d0%b0-%d0%b8-%d0%b4%d0%be%d1%81%d1%82%d0%b0%d0%b2%d0%ba%d0%b0\/"]}]},{"@type":"BreadcrumbList","@id":"https:\/\/vivasecret.md\/%d0%be%d0%bf%d0%bb%d0%b0%d1%82%d0%b0-%d0%b8-%d0%b4%d0%be%d1%81%d1%82%d0%b0%d0%b2%d0%ba%d0%b0\/#breadcrumb","itemListElement":[{"@type":"ListItem","position":1,"name":"\u0413\u043b\u0430\u0432\u043d\u0430\u044f \u0441\u0442\u0440\u0430\u043d\u0438\u0446\u0430","item":"https:\/\/vivasecret.md\/"},{"@type":"ListItem","position":2,"name":"\u041e\u043f\u043b\u0430\u0442\u0430 \u0438 \u0434\u043e\u0441\u0442\u0430\u0432\u043a\u0430"}]},{"@type":"WebSite","@id":"https:\/\/vivasecret.md\/#website","url":"https:\/\/vivasecret.md\/","name":"VivaSecret | Victoria\u2019s Secret \u0432 \u041c\u043e\u043b\u0434\u043e\u0432\u0435","description":"\u041e\u0440\u0438\u0433\u0438\u043d\u0430\u043b\u044c\u043d\u044b\u0435 \u043c\u0438\u0441\u0442\u044b \u0438 \u043b\u043e\u0441\u044c\u043e\u043d\u044b Victoria\u2019s Secret","publisher":{"@id":"https:\/\/vivasecret.md\/#organization"},"potentialAction":[{"@type":"SearchAction","target":{"@type":"EntryPoint","urlTemplate":"https:\/\/vivasecret.md\/?s={search_term_string}"},"query-input":{"@type":"PropertyValueSpecification","valueRequired":true,"valueName":"search_term_string"}}],"inLanguage":"ro-RO"},{"@type":"Organization","@id":"https:\/\/vivasecret.md\/#organization","name":"VivaSecret | Victoria\u2019s Secret \u0432 \u041c\u043e\u043b\u0434\u043e\u0432\u0435","url":"https:\/\/vivasecret.md\/","logo":{"@type":"ImageObject","inLanguage":"ro-RO","@id":"https:\/\/vivasecret.md\/#\/schema\/logo\/image\/","url":"https:\/\/vivasecret.md\/wp-content\/uploads\/2025\/09\/Viva-Secret-22.png","contentUrl":"https:\/\/vivasecret.md\/wp-content\/uploads\/2025\/09\/Viva-Secret-22.png","width":2048,"height":2048,"caption":"VivaSecret | Victoria\u2019s Secret \u0432 \u041c\u043e\u043b\u0434\u043e\u0432\u0435"},"image":{"@id":"https:\/\/vivasecret.md\/#\/schema\/logo\/image\/"},"sameAs":["https:\/\/www.facebook.com\/vivasecret.md"]}]}},"uagb_featured_image_src":{"full":false,"thumbnail":false,"medium":false,"medium_large":false,"large":false,"1536x1536":false,"2048x2048":false,"trp-custom-language-flag":false,"woocommerce_thumbnail":false,"woocommerce_single":false,"woocommerce_gallery_thumbnail":false},"uagb_author_info":{"display_name":"admin","author_link":"https:\/\/vivasecret.md\/ro\/author\/admin\/"},"uagb_comment_info":0,"uagb_excerpt":"\u041e\u043f\u043b\u0430\u0442\u0430 \u0438 \u0434\u043e\u0441\u0442\u0430\u0432\u043a\u0430","_links":{"self":[{"href":"https:\/\/vivasecret.md\/ro\/wp-json\/wp\/v2\/pages\/5927","targetHints":{"allow":["GET"]}}],"collection":[{"href":"https:\/\/vivasecret.md\/ro\/wp-json\/wp\/v2\/pages"}],"about":[{"href":"https:\/\/vivasecret.md\/ro\/wp-json\/wp\/v2\/types\/page"}],"author":[{"embeddable":true,"href":"https:\/\/vivasecret.md\/ro\/wp-json\/wp\/v2\/users\/1"}],"replies":[{"embeddable":true,"href":"https:\/\/vivasecret.md\/ro\/wp-json\/wp\/v2\/comments?post=5927"}],"version-history":[{"count":18,"href":"https:\/\/vivasecret.md\/ro\/wp-json\/wp\/v2\/pages\/5927\/revisions"}],"predecessor-version":[{"id":6503,"href":"https:\/\/vivasecret.md\/ro\/wp-json\/wp\/v2\/pages\/5927\/revisions\/6503"}],"wp:attachment":[{"href":"https:\/\/vivasecret.md\/ro\/wp-json\/wp\/v2\/media?parent=5927"}],"curies":[{"name":"wp","href":"https:\/\/api.w.org\/{rel}","templated":true}]}}