{"id":5907,"date":"2025-03-21T18:56:08","date_gmt":"2025-03-21T18:56:08","guid":{"rendered":"https:\/\/vivasecret.shop\/?post_type=product&#038;p=5907"},"modified":"2026-02-16T21:46:36","modified_gmt":"2026-02-16T21:46:36","slug":"pure-seduction-fragrance-mist","status":"publish","type":"product","link":"https:\/\/vivasecret.md\/ro\/produs\/pure-seduction-fragrance-mist\/","title":{"rendered":"Spray de corp Victoria\u2019s Secret Pure Seduction"},"content":{"rendered":"","protected":false},"excerpt":{"rendered":"<p data-start=\"59\" data-end=\"338\" class=\"translation-block\">Scufunda\u021bi-v\u0103 \u00een atmosfera seduc\u021biei cu <strong data-start=\"94\" data-end=\"112\">Pure Seduction<\/strong> de la <strong data-start=\"116\" data-end=\"137\">Victoria\u2019s Secret<\/strong> \u2013 un mist parfumat pentru corp, u\u0219or \u0219i captivant. Aceast\u0103 combina\u021bie \u00eendr\u0103znea\u021b\u0103 de prun\u0103 zemoas\u0103 \u0219i frezie delicat\u0103 creeaz\u0103 un parfum senzual \u0219i irezistibil, care r\u0103m\u00e2ne pe piele, \u00eenv\u0103luind-o \u00eentr-un voal diafan.<\/p>\n<p data-start=\"340\" data-end=\"547\" class=\"translation-block\"><strong data-start=\"343\" data-end=\"359\">Tip de arom\u0103:<\/strong> fructat-floral<br data-start=\"378\" data-end=\"381\"><strong data-start=\"384\" data-end=\"393\" data-is-only-node=\"\">Note:<\/strong> prun\u0103 suculent\u0103, frezie m\u0103run\u021bit\u0103<br data-start=\"427\" data-end=\"430\"><strong data-start=\"433\" data-end=\"446\">Caracter:<\/strong> \u00eendr\u0103zne\u021b, juc\u0103u\u0219, senzual<br data-start=\"475\" data-end=\"478\"><strong data-start=\"481\" data-end=\"492\">Format:<\/strong> mist u\u0219or pentru corp<br data-start=\"513\" data-end=\"516\"><strong data-start=\"519\" data-end=\"529\">Volum:<\/strong> 250 ml \/ 8.4 oz<\/p>\n<p data-start=\"549\" data-end=\"652\" data-is-last-node=\"\" data-is-only-node=\"\">Alegerea perfect\u0103 pentru cei care iubesc aromele vibrante \u0219i de neuitat, pline de pasiune \u0219i farmec! \u2728<\/p>\n<p data-start=\"549\" data-end=\"652\" data-is-last-node=\"\" data-is-only-node=\"\" class=\"translation-block\">\u2705\u00a0<strong>100% original<\/strong> \u2014 procur\u0103m produsele direct de la produc\u0103tor, prin site-ul oficial.<\/p>\n<p data-start=\"549\" data-end=\"652\" data-is-last-node=\"\" data-is-only-node=\"\" class=\"translation-block\">\ud83d\uded2 Scrie-ne pe\u00a0 <img class=\"alignnone size-full wp-image-5999\" src=\"https:\/\/vivasecret.md\/wp-content\/uploads\/2025\/03\/1298747_instagram_brand_logo_social-media_icon.png\" alt=\"\" width=\"24\" height=\"24\">\u00a0<strong><a href=\"http:\/\/instagram.com\/vivasecret.shop\" target=\"_self\">Instagram<\/a><\/strong> sau\u00a0 <img class=\"alignnone size-full wp-image-6000\" src=\"https:\/\/vivasecret.md\/wp-content\/uploads\/2025\/03\/317727_facebook_social-media_social_icon.png\" alt=\"\" width=\"24\" height=\"24\">\u00a0<strong><a href=\"https:\/\/www.facebook.com\/vivasecret.md\" target=\"_self\">Facebook<\/a><\/strong> pentru a plasa o comand\u0103 sau a verifica disponibilitatea.<\/p>","protected":false},"featured_media":5908,"template":"","meta":{"_uag_custom_page_level_css":"","site-sidebar-layout":"default","site-content-layout":"","ast-site-content-layout":"default","site-content-style":"default","site-sidebar-style":"default","ast-global-header-display":"","ast-banner-title-visibility":"","ast-main-header-display":"","ast-hfb-above-header-display":"","ast-hfb-below-header-display":"","ast-hfb-mobile-header-display":"","site-post-title":"","ast-breadcrumbs-content":"","ast-featured-img":"","footer-sml-layout":"","ast-disable-related-posts":"","theme-transparent-header-meta":"default","adv-header-id-meta":"","stick-header-meta":"","header-above-stick-meta":"","header-main-stick-meta":"","header-below-stick-meta":"","astra-migrate-meta-layouts":"set","ast-page-background-enabled":"default","ast-page-background-meta":{"desktop":{"background-color":"","background-image":"","background-repeat":"repeat","background-position":"center center","background-size":"auto","background-attachment":"scroll","background-type":"","background-media":"","overlay-type":"","overlay-color":"","overlay-opacity":"","overlay-gradient":""},"tablet":{"background-color":"","background-image":"","background-repeat":"repeat","background-position":"center center","background-size":"auto","background-attachment":"scroll","background-type":"","background-media":"","overlay-type":"","overlay-color":"","overlay-opacity":"","overlay-gradient":""},"mobile":{"background-color":"","background-image":"","background-repeat":"repeat","background-position":"center center","background-size":"auto","background-attachment":"scroll","background-type":"","background-media":"","overlay-type":"","overlay-color":"","overlay-opacity":"","overlay-gradient":""}},"ast-content-background-meta":{"desktop":{"background-color":"var(--ast-global-color-5)","background-image":"","background-repeat":"repeat","background-position":"center center","background-size":"auto","background-attachment":"scroll","background-type":"","background-media":"","overlay-type":"","overlay-color":"","overlay-opacity":"","overlay-gradient":""},"tablet":{"background-color":"var(--ast-global-color-5)","background-image":"","background-repeat":"repeat","background-position":"center center","background-size":"auto","background-attachment":"scroll","background-type":"","background-media":"","overlay-type":"","overlay-color":"","overlay-opacity":"","overlay-gradient":""},"mobile":{"background-color":"var(--ast-global-color-5)","background-image":"","background-repeat":"repeat","background-position":"center center","background-size":"auto","background-attachment":"scroll","background-type":"","background-media":"","overlay-type":"","overlay-color":"","overlay-opacity":"","overlay-gradient":""}}},"product_brand":[64],"product_cat":[62],"product_tag":[],"class_list":{"0":"post-5907","1":"product","2":"type-product","3":"status-publish","4":"has-post-thumbnail","6":"product_brand-victorias-secret","7":"product_cat-mists","8":"pa_scent-pure-seduction","9":"pa_shimmer-no","10":"desktop-align-left","11":"tablet-align-left","12":"mobile-align-left","14":"first","15":"instock","16":"featured","17":"shipping-taxable","18":"purchasable","19":"product-type-simple"},"yoast_head":"<!-- This site is optimized with the Yoast SEO plugin v27.3 - https:\/\/yoast.com\/product\/yoast-seo-wordpress\/ -->\n<title>\u0421\u043f\u0440\u0435\u0439 \u0434\u043b\u044f \u0442\u0435\u043b\u0430 Victoria\u2019s Secret Pure Seduction - VivaSecret - Victoria\u2019s Secret Moldova<\/title>\n<meta name=\"description\" content=\"\u0421\u043f\u0440\u0435\u0439 \u0434\u043b\u044f \u0442\u0435\u043b\u0430 Victoria\u2019s Secret Pure Seduction \u0441 \u0430\u0440\u043e\u043c\u0430\u0442\u043e\u043c \u043a\u0440\u0430\u0441\u043d\u043e\u0439 \u0441\u043b\u0438\u0432\u044b, \u0444\u0440\u0435\u0437\u0438\u0438 \u0438 \u0441\u043b\u0430\u0434\u043a\u0438\u0445 \u0444\u0440\u0443\u043a\u0442\u043e\u0432. \u041e\u0441\u0432\u0435\u0436\u0430\u0435\u0442 \u043a\u043e\u0436\u0443 \u0438 \u043e\u0441\u0442\u0430\u0432\u043b\u044f\u0435\u0442 \u0441\u043b\u0430\u0434\u043a\u0438\u0439 \u0448\u043b\u0435\u0439\u0444.\" \/>\n<meta name=\"robots\" content=\"index, follow, max-snippet:-1, max-image-preview:large, max-video-preview:-1\" \/>\n<link rel=\"canonical\" href=\"https:\/\/vivasecret.md\/ro\/produs\/pure-seduction-fragrance-mist\/\" \/>\n<meta property=\"og:locale\" content=\"ro_RO\" \/>\n<meta property=\"og:type\" content=\"article\" \/>\n<meta property=\"og:title\" content=\"\u0421\u043f\u0440\u0435\u0439 \u0434\u043b\u044f \u0442\u0435\u043b\u0430 Victoria\u2019s Secret Pure Seduction - VivaSecret - Victoria\u2019s Secret Moldova\" \/>\n<meta property=\"og:description\" content=\"\u0421\u043f\u0440\u0435\u0439 \u0434\u043b\u044f \u0442\u0435\u043b\u0430 Victoria\u2019s Secret Pure Seduction \u0441 \u0430\u0440\u043e\u043c\u0430\u0442\u043e\u043c \u043a\u0440\u0430\u0441\u043d\u043e\u0439 \u0441\u043b\u0438\u0432\u044b, \u0444\u0440\u0435\u0437\u0438\u0438 \u0438 \u0441\u043b\u0430\u0434\u043a\u0438\u0445 \u0444\u0440\u0443\u043a\u0442\u043e\u0432. \u041e\u0441\u0432\u0435\u0436\u0430\u0435\u0442 \u043a\u043e\u0436\u0443 \u0438 \u043e\u0441\u0442\u0430\u0432\u043b\u044f\u0435\u0442 \u0441\u043b\u0430\u0434\u043a\u0438\u0439 \u0448\u043b\u0435\u0439\u0444.\" \/>\n<meta property=\"og:url\" content=\"https:\/\/vivasecret.md\/ro\/produs\/pure-seduction-fragrance-mist\/\" \/>\n<meta property=\"og:site_name\" content=\"VivaSecret - Victoria\u2019s Secret Moldova\" \/>\n<meta property=\"article:publisher\" content=\"https:\/\/www.facebook.com\/vivasecret.md\" \/>\n<meta property=\"article:modified_time\" content=\"2026-02-16T21:46:36+00:00\" \/>\n<meta name=\"twitter:card\" content=\"summary_large_image\" \/>\n<meta name=\"twitter:label1\" content=\"Timp estimat pentru citire\" \/>\n\t<meta name=\"twitter:data1\" content=\"1 minut\" \/>\n<script type=\"application\/ld+json\" class=\"yoast-schema-graph\">{\"@context\":\"https:\\\/\\\/schema.org\",\"@graph\":[{\"@type\":\"WebPage\",\"@id\":\"https:\\\/\\\/vivasecret.md\\\/product\\\/pure-seduction-fragrance-mist\\\/\",\"url\":\"https:\\\/\\\/vivasecret.md\\\/product\\\/pure-seduction-fragrance-mist\\\/\",\"name\":\"\u0421\u043f\u0440\u0435\u0439 \u0434\u043b\u044f \u0442\u0435\u043b\u0430 Victoria\u2019s Secret Pure Seduction - VivaSecret - Victoria\u2019s Secret Moldova\",\"isPartOf\":{\"@id\":\"https:\\\/\\\/vivasecret.md\\\/#website\"},\"primaryImageOfPage\":{\"@id\":\"https:\\\/\\\/vivasecret.md\\\/product\\\/pure-seduction-fragrance-mist\\\/#primaryimage\"},\"image\":{\"@id\":\"https:\\\/\\\/vivasecret.md\\\/product\\\/pure-seduction-fragrance-mist\\\/#primaryimage\"},\"thumbnailUrl\":\"https:\\\/\\\/vivasecret.md\\\/wp-content\\\/uploads\\\/2025\\\/03\\\/112592031340_OM_F.avif\",\"datePublished\":\"2025-03-21T18:56:08+00:00\",\"dateModified\":\"2026-02-16T21:46:36+00:00\",\"description\":\"\u0421\u043f\u0440\u0435\u0439 \u0434\u043b\u044f \u0442\u0435\u043b\u0430 Victoria\u2019s Secret Pure Seduction \u0441 \u0430\u0440\u043e\u043c\u0430\u0442\u043e\u043c \u043a\u0440\u0430\u0441\u043d\u043e\u0439 \u0441\u043b\u0438\u0432\u044b, \u0444\u0440\u0435\u0437\u0438\u0438 \u0438 \u0441\u043b\u0430\u0434\u043a\u0438\u0445 \u0444\u0440\u0443\u043a\u0442\u043e\u0432. \u041e\u0441\u0432\u0435\u0436\u0430\u0435\u0442 \u043a\u043e\u0436\u0443 \u0438 \u043e\u0441\u0442\u0430\u0432\u043b\u044f\u0435\u0442 \u0441\u043b\u0430\u0434\u043a\u0438\u0439 \u0448\u043b\u0435\u0439\u0444.\",\"breadcrumb\":{\"@id\":\"https:\\\/\\\/vivasecret.md\\\/product\\\/pure-seduction-fragrance-mist\\\/#breadcrumb\"},\"inLanguage\":\"ro-RO\",\"potentialAction\":[{\"@type\":\"ReadAction\",\"target\":[\"https:\\\/\\\/vivasecret.md\\\/product\\\/pure-seduction-fragrance-mist\\\/\"]}]},{\"@type\":\"ImageObject\",\"inLanguage\":\"ro-RO\",\"@id\":\"https:\\\/\\\/vivasecret.md\\\/product\\\/pure-seduction-fragrance-mist\\\/#primaryimage\",\"url\":\"https:\\\/\\\/vivasecret.md\\\/wp-content\\\/uploads\\\/2025\\\/03\\\/112592031340_OM_F.avif\",\"contentUrl\":\"https:\\\/\\\/vivasecret.md\\\/wp-content\\\/uploads\\\/2025\\\/03\\\/112592031340_OM_F.avif\",\"width\":1000,\"height\":1333},{\"@type\":\"BreadcrumbList\",\"@id\":\"https:\\\/\\\/vivasecret.md\\\/product\\\/pure-seduction-fragrance-mist\\\/#breadcrumb\",\"itemListElement\":[{\"@type\":\"ListItem\",\"position\":1,\"name\":\"\u0413\u043b\u0430\u0432\u043d\u0430\u044f \u0441\u0442\u0440\u0430\u043d\u0438\u0446\u0430\",\"item\":\"https:\\\/\\\/vivasecret.md\\\/\"},{\"@type\":\"ListItem\",\"position\":2,\"name\":\"\u041a\u0430\u0442\u0430\u043b\u043e\u0433\",\"item\":\"https:\\\/\\\/vivasecret.md\\\/store\\\/\"},{\"@type\":\"ListItem\",\"position\":3,\"name\":\"\u0421\u043f\u0440\u0435\u0439 \u0434\u043b\u044f \u0442\u0435\u043b\u0430 Victoria\u2019s Secret Pure Seduction\"}]},{\"@type\":\"WebSite\",\"@id\":\"https:\\\/\\\/vivasecret.md\\\/#website\",\"url\":\"https:\\\/\\\/vivasecret.md\\\/\",\"name\":\"VivaSecret | Victoria\u2019s Secret \u0432 \u041c\u043e\u043b\u0434\u043e\u0432\u0435\",\"description\":\"\u041e\u0440\u0438\u0433\u0438\u043d\u0430\u043b\u044c\u043d\u044b\u0435 \u043c\u0438\u0441\u0442\u044b \u0438 \u043b\u043e\u0441\u044c\u043e\u043d\u044b Victoria\u2019s Secret\",\"publisher\":{\"@id\":\"https:\\\/\\\/vivasecret.md\\\/#organization\"},\"potentialAction\":[{\"@type\":\"SearchAction\",\"target\":{\"@type\":\"EntryPoint\",\"urlTemplate\":\"https:\\\/\\\/vivasecret.md\\\/?s={search_term_string}\"},\"query-input\":{\"@type\":\"PropertyValueSpecification\",\"valueRequired\":true,\"valueName\":\"search_term_string\"}}],\"inLanguage\":\"ro-RO\"},{\"@type\":\"Organization\",\"@id\":\"https:\\\/\\\/vivasecret.md\\\/#organization\",\"name\":\"VivaSecret | Victoria\u2019s Secret \u0432 \u041c\u043e\u043b\u0434\u043e\u0432\u0435\",\"url\":\"https:\\\/\\\/vivasecret.md\\\/\",\"logo\":{\"@type\":\"ImageObject\",\"inLanguage\":\"ro-RO\",\"@id\":\"https:\\\/\\\/vivasecret.md\\\/#\\\/schema\\\/logo\\\/image\\\/\",\"url\":\"https:\\\/\\\/vivasecret.md\\\/wp-content\\\/uploads\\\/2025\\\/09\\\/Viva-Secret-22.png\",\"contentUrl\":\"https:\\\/\\\/vivasecret.md\\\/wp-content\\\/uploads\\\/2025\\\/09\\\/Viva-Secret-22.png\",\"width\":2048,\"height\":2048,\"caption\":\"VivaSecret | Victoria\u2019s Secret \u0432 \u041c\u043e\u043b\u0434\u043e\u0432\u0435\"},\"image\":{\"@id\":\"https:\\\/\\\/vivasecret.md\\\/#\\\/schema\\\/logo\\\/image\\\/\"},\"sameAs\":[\"https:\\\/\\\/www.facebook.com\\\/vivasecret.md\"]}]}<\/script>\n<!-- \/ Yoast SEO plugin. -->","yoast_head_json":{"title":"\u0421\u043f\u0440\u0435\u0439 \u0434\u043b\u044f \u0442\u0435\u043b\u0430 Victoria\u2019s Secret Pure Seduction - VivaSecret - Victoria\u2019s Secret Moldova","description":"\u0421\u043f\u0440\u0435\u0439 \u0434\u043b\u044f \u0442\u0435\u043b\u0430 Victoria\u2019s Secret Pure Seduction \u0441 \u0430\u0440\u043e\u043c\u0430\u0442\u043e\u043c \u043a\u0440\u0430\u0441\u043d\u043e\u0439 \u0441\u043b\u0438\u0432\u044b, \u0444\u0440\u0435\u0437\u0438\u0438 \u0438 \u0441\u043b\u0430\u0434\u043a\u0438\u0445 \u0444\u0440\u0443\u043a\u0442\u043e\u0432. \u041e\u0441\u0432\u0435\u0436\u0430\u0435\u0442 \u043a\u043e\u0436\u0443 \u0438 \u043e\u0441\u0442\u0430\u0432\u043b\u044f\u0435\u0442 \u0441\u043b\u0430\u0434\u043a\u0438\u0439 \u0448\u043b\u0435\u0439\u0444.","robots":{"index":"index","follow":"follow","max-snippet":"max-snippet:-1","max-image-preview":"max-image-preview:large","max-video-preview":"max-video-preview:-1"},"canonical":"https:\/\/vivasecret.md\/ro\/produs\/pure-seduction-fragrance-mist\/","og_locale":"ro_RO","og_type":"article","og_title":"\u0421\u043f\u0440\u0435\u0439 \u0434\u043b\u044f \u0442\u0435\u043b\u0430 Victoria\u2019s Secret Pure Seduction - VivaSecret - Victoria\u2019s Secret Moldova","og_description":"\u0421\u043f\u0440\u0435\u0439 \u0434\u043b\u044f \u0442\u0435\u043b\u0430 Victoria\u2019s Secret Pure Seduction \u0441 \u0430\u0440\u043e\u043c\u0430\u0442\u043e\u043c \u043a\u0440\u0430\u0441\u043d\u043e\u0439 \u0441\u043b\u0438\u0432\u044b, \u0444\u0440\u0435\u0437\u0438\u0438 \u0438 \u0441\u043b\u0430\u0434\u043a\u0438\u0445 \u0444\u0440\u0443\u043a\u0442\u043e\u0432. \u041e\u0441\u0432\u0435\u0436\u0430\u0435\u0442 \u043a\u043e\u0436\u0443 \u0438 \u043e\u0441\u0442\u0430\u0432\u043b\u044f\u0435\u0442 \u0441\u043b\u0430\u0434\u043a\u0438\u0439 \u0448\u043b\u0435\u0439\u0444.","og_url":"https:\/\/vivasecret.md\/ro\/produs\/pure-seduction-fragrance-mist\/","og_site_name":"VivaSecret - Victoria\u2019s Secret Moldova","article_publisher":"https:\/\/www.facebook.com\/vivasecret.md","article_modified_time":"2026-02-16T21:46:36+00:00","twitter_card":"summary_large_image","twitter_misc":{"Timp estimat pentru citire":"1 minut"},"schema":{"@context":"https:\/\/schema.org","@graph":[{"@type":"WebPage","@id":"https:\/\/vivasecret.md\/product\/pure-seduction-fragrance-mist\/","url":"https:\/\/vivasecret.md\/product\/pure-seduction-fragrance-mist\/","name":"\u0421\u043f\u0440\u0435\u0439 \u0434\u043b\u044f \u0442\u0435\u043b\u0430 Victoria\u2019s Secret Pure Seduction - VivaSecret - Victoria\u2019s Secret Moldova","isPartOf":{"@id":"https:\/\/vivasecret.md\/#website"},"primaryImageOfPage":{"@id":"https:\/\/vivasecret.md\/product\/pure-seduction-fragrance-mist\/#primaryimage"},"image":{"@id":"https:\/\/vivasecret.md\/product\/pure-seduction-fragrance-mist\/#primaryimage"},"thumbnailUrl":"https:\/\/vivasecret.md\/wp-content\/uploads\/2025\/03\/112592031340_OM_F.avif","datePublished":"2025-03-21T18:56:08+00:00","dateModified":"2026-02-16T21:46:36+00:00","description":"\u0421\u043f\u0440\u0435\u0439 \u0434\u043b\u044f \u0442\u0435\u043b\u0430 Victoria\u2019s Secret Pure Seduction \u0441 \u0430\u0440\u043e\u043c\u0430\u0442\u043e\u043c \u043a\u0440\u0430\u0441\u043d\u043e\u0439 \u0441\u043b\u0438\u0432\u044b, \u0444\u0440\u0435\u0437\u0438\u0438 \u0438 \u0441\u043b\u0430\u0434\u043a\u0438\u0445 \u0444\u0440\u0443\u043a\u0442\u043e\u0432. \u041e\u0441\u0432\u0435\u0436\u0430\u0435\u0442 \u043a\u043e\u0436\u0443 \u0438 \u043e\u0441\u0442\u0430\u0432\u043b\u044f\u0435\u0442 \u0441\u043b\u0430\u0434\u043a\u0438\u0439 \u0448\u043b\u0435\u0439\u0444.","breadcrumb":{"@id":"https:\/\/vivasecret.md\/product\/pure-seduction-fragrance-mist\/#breadcrumb"},"inLanguage":"ro-RO","potentialAction":[{"@type":"ReadAction","target":["https:\/\/vivasecret.md\/product\/pure-seduction-fragrance-mist\/"]}]},{"@type":"ImageObject","inLanguage":"ro-RO","@id":"https:\/\/vivasecret.md\/product\/pure-seduction-fragrance-mist\/#primaryimage","url":"https:\/\/vivasecret.md\/wp-content\/uploads\/2025\/03\/112592031340_OM_F.avif","contentUrl":"https:\/\/vivasecret.md\/wp-content\/uploads\/2025\/03\/112592031340_OM_F.avif","width":1000,"height":1333},{"@type":"BreadcrumbList","@id":"https:\/\/vivasecret.md\/product\/pure-seduction-fragrance-mist\/#breadcrumb","itemListElement":[{"@type":"ListItem","position":1,"name":"\u0413\u043b\u0430\u0432\u043d\u0430\u044f \u0441\u0442\u0440\u0430\u043d\u0438\u0446\u0430","item":"https:\/\/vivasecret.md\/"},{"@type":"ListItem","position":2,"name":"\u041a\u0430\u0442\u0430\u043b\u043e\u0433","item":"https:\/\/vivasecret.md\/store\/"},{"@type":"ListItem","position":3,"name":"\u0421\u043f\u0440\u0435\u0439 \u0434\u043b\u044f \u0442\u0435\u043b\u0430 Victoria\u2019s Secret Pure Seduction"}]},{"@type":"WebSite","@id":"https:\/\/vivasecret.md\/#website","url":"https:\/\/vivasecret.md\/","name":"VivaSecret | Victoria\u2019s Secret \u0432 \u041c\u043e\u043b\u0434\u043e\u0432\u0435","description":"\u041e\u0440\u0438\u0433\u0438\u043d\u0430\u043b\u044c\u043d\u044b\u0435 \u043c\u0438\u0441\u0442\u044b \u0438 \u043b\u043e\u0441\u044c\u043e\u043d\u044b Victoria\u2019s Secret","publisher":{"@id":"https:\/\/vivasecret.md\/#organization"},"potentialAction":[{"@type":"SearchAction","target":{"@type":"EntryPoint","urlTemplate":"https:\/\/vivasecret.md\/?s={search_term_string}"},"query-input":{"@type":"PropertyValueSpecification","valueRequired":true,"valueName":"search_term_string"}}],"inLanguage":"ro-RO"},{"@type":"Organization","@id":"https:\/\/vivasecret.md\/#organization","name":"VivaSecret | Victoria\u2019s Secret \u0432 \u041c\u043e\u043b\u0434\u043e\u0432\u0435","url":"https:\/\/vivasecret.md\/","logo":{"@type":"ImageObject","inLanguage":"ro-RO","@id":"https:\/\/vivasecret.md\/#\/schema\/logo\/image\/","url":"https:\/\/vivasecret.md\/wp-content\/uploads\/2025\/09\/Viva-Secret-22.png","contentUrl":"https:\/\/vivasecret.md\/wp-content\/uploads\/2025\/09\/Viva-Secret-22.png","width":2048,"height":2048,"caption":"VivaSecret | Victoria\u2019s Secret \u0432 \u041c\u043e\u043b\u0434\u043e\u0432\u0435"},"image":{"@id":"https:\/\/vivasecret.md\/#\/schema\/logo\/image\/"},"sameAs":["https:\/\/www.facebook.com\/vivasecret.md"]}]}},"uagb_featured_image_src":{"full":["https:\/\/vivasecret.md\/wp-content\/uploads\/2025\/03\/112592031340_OM_F.avif",1000,1333,false],"thumbnail":["https:\/\/vivasecret.md\/wp-content\/uploads\/2025\/03\/112592031340_OM_F-150x150.avif",150,150,true],"medium":["https:\/\/vivasecret.md\/wp-content\/uploads\/2025\/03\/112592031340_OM_F-225x300.avif",225,300,true],"medium_large":["https:\/\/vivasecret.md\/wp-content\/uploads\/2025\/03\/112592031340_OM_F-768x1024.avif",768,1024,true],"large":["https:\/\/vivasecret.md\/wp-content\/uploads\/2025\/03\/112592031340_OM_F-768x1024.avif",768,1024,true],"1536x1536":["https:\/\/vivasecret.md\/wp-content\/uploads\/2025\/03\/112592031340_OM_F.avif",1000,1333,false],"2048x2048":["https:\/\/vivasecret.md\/wp-content\/uploads\/2025\/03\/112592031340_OM_F.avif",1000,1333,false],"trp-custom-language-flag":["https:\/\/vivasecret.md\/wp-content\/uploads\/2025\/03\/112592031340_OM_F-9x12.avif",9,12,true],"woocommerce_thumbnail":["https:\/\/vivasecret.md\/wp-content\/uploads\/2025\/03\/112592031340_OM_F-300x400.avif",300,400,true],"woocommerce_single":["https:\/\/vivasecret.md\/wp-content\/uploads\/2025\/03\/112592031340_OM_F-600x800.avif",600,800,true],"woocommerce_gallery_thumbnail":["https:\/\/vivasecret.md\/wp-content\/uploads\/2025\/03\/112592031340_OM_F-100x100.avif",100,100,true]},"uagb_author_info":{"display_name":"admin","author_link":"https:\/\/vivasecret.md\/ro\/author\/"},"uagb_comment_info":0,"uagb_excerpt":"\u041f\u043e\u0433\u0440\u0443\u0437\u0438\u0442\u0435\u0441\u044c \u0432 \u0430\u0442\u043c\u043e\u0441\u0444\u0435\u0440\u0443 \u0441\u043e\u0431\u043b\u0430\u0437\u043d\u0430 \u0441 Pure Seduction \u043e\u0442 Victoria\u2019s Secret \u2013 \u043b\u0435\u0433\u043a\u0438\u043c \u0438 \u043f\u043b\u0435\u043d\u0438\u0442\u0435\u043b\u044c\u043d\u044b\u043c \u043f\u0430\u0440\u0444\u044e\u043c\u0438\u0440\u043e\u0432\u0430\u043d\u043d\u044b\u043c \u043c\u0438\u0441\u0442\u043e\u043c \u0434\u043b\u044f \u0442\u0435\u043b\u0430. \u042d\u0442\u043e \u0434\u0435\u0440\u0437\u043a\u043e\u0435 \u0441\u043e\u0447\u0435\u0442\u0430\u043d\u0438\u0435 \u0441\u043e\u0447\u043d\u043e\u0439 \u0441\u043b\u0438\u0432\u044b \u0438 \u043d\u0435\u0436\u043d\u043e\u0439 \u0444\u0440\u0435\u0437\u0438\u0438 \u0441\u043e\u0437\u0434\u0430\u0451\u0442 \u0447\u0443\u0432\u0441\u0442\u0432\u0435\u043d\u043d\u044b\u0439 \u0438 \u043c\u0430\u043d\u044f\u0449\u0438\u0439 \u0430\u0440\u043e\u043c\u0430\u0442, \u043a\u043e\u0442\u043e\u0440\u044b\u0439 \u043e\u0441\u0442\u0430\u0435\u0442\u0441\u044f \u043d\u0430 \u043a\u043e\u0436\u0435, \u043e\u043a\u0443\u0442\u044b\u0432\u0430\u044f \u0435\u0451 \u043b\u0435\u0433\u043a\u043e\u0439 \u0432\u0443\u0430\u043b\u044c\u044e. \u0422\u0438\u043f \u0430\u0440\u043e\u043c\u0430\u0442\u0430: \u0444\u0440\u0443\u043a\u0442\u043e\u0432\u043e-\u0446\u0432\u0435\u0442\u043e\u0447\u043d\u044b\u0439\u041d\u043e\u0442\u044b: \u0441\u043e\u0447\u043d\u0430\u044f \u0441\u043b\u0438\u0432\u0430, \u0438\u0437\u043c\u0435\u043b\u044c\u0447\u0435\u043d\u043d\u0430\u044f \u0444\u0440\u0435\u0437\u0438\u044f\u0425\u0430\u0440\u0430\u043a\u0442\u0435\u0440: \u0441\u043c\u0435\u043b\u044b\u0439, \u0438\u0433\u0440\u0438\u0432\u044b\u0439, \u0447\u0443\u0432\u0441\u0442\u0432\u0435\u043d\u043d\u044b\u0439\u0424\u043e\u0440\u043c\u0430\u0442: \u043b\u0435\u0433\u043a\u0438\u0439 \u043c\u0438\u0441\u0442 \u0434\u043b\u044f \u0442\u0435\u043b\u0430\u041e\u0431\u044a\u0435\u043c: 250 \u043c\u043b&hellip;","_links":{"self":[{"href":"https:\/\/vivasecret.md\/ro\/wp-json\/wp\/v2\/product\/5907","targetHints":{"allow":["GET"]}}],"collection":[{"href":"https:\/\/vivasecret.md\/ro\/wp-json\/wp\/v2\/product"}],"about":[{"href":"https:\/\/vivasecret.md\/ro\/wp-json\/wp\/v2\/types\/product"}],"wp:featuredmedia":[{"embeddable":true,"href":"https:\/\/vivasecret.md\/ro\/wp-json\/wp\/v2\/media\/5908"}],"wp:attachment":[{"href":"https:\/\/vivasecret.md\/ro\/wp-json\/wp\/v2\/media?parent=5907"}],"wp:term":[{"taxonomy":"product_brand","embeddable":true,"href":"https:\/\/vivasecret.md\/ro\/wp-json\/wp\/v2\/product_brand?post=5907"},{"taxonomy":"product_cat","embeddable":true,"href":"https:\/\/vivasecret.md\/ro\/wp-json\/wp\/v2\/product_cat?post=5907"},{"taxonomy":"product_tag","embeddable":true,"href":"https:\/\/vivasecret.md\/ro\/wp-json\/wp\/v2\/product_tag?post=5907"}],"curies":[{"name":"wp","href":"https:\/\/api.w.org\/{rel}","templated":true}]}}