{"id":6120,"date":"2025-03-21T19:00:52","date_gmt":"2025-03-21T19:00:52","guid":{"rendered":"https:\/\/vivasecret.shop\/?post_type=product&#038;p=6120"},"modified":"2026-02-17T19:16:08","modified_gmt":"2026-02-17T19:16:08","slug":"coconut-passion-body-mist","status":"publish","type":"product","link":"https:\/\/vivasecret.md\/ro\/produs\/coconut-passion-body-mist\/","title":{"rendered":"Spray de corp Victoria\u2019s Secret Coconut Passion"},"content":{"rendered":"","protected":false},"excerpt":{"rendered":"<p data-start=\"77\" data-end=\"347\" class=\"translation-block\">Sim\u021bi\u021bi c\u0103ldura soarelui pe piele cu <strong data-start=\"113\" data-end=\"147\">Coconut Passion<\/strong> de la <strong data-start=\"151\" data-end=\"172\">Victoria\u2019s Secret<\/strong> \u2014 un parfum creat parc\u0103 pentru zilele de var\u0103 f\u0103r\u0103 griji \u0219i serile calde. Solar, senzual \u0219i seduc\u0103tor, \u00eenv\u0103luie pielea cu un voal delicat de cocos dulce \u0219i accente florale.<\/p>\n<p data-start=\"349\" data-end=\"604\">Compozi\u021bia se deschide cu note suculente de mure \u0219i lapte de cocos \ud83e\udd65\ud83c\udf47, dezv\u0103luind treptat un miez delicat de crin de p\u0103dure \u0219i flori de zmeur. Aroma se a\u0219terne pe piele cu o baz\u0103 cald\u0103 de ambr\u0103 caramelizat\u0103 \u0219i miros de nisip fierbinte \u2014 ca o plimbare pe plaj\u0103 la apus.<\/p>\n<p data-start=\"606\" data-end=\"645\" class=\"translation-block\"><strong data-start=\"606\" data-end=\"622\">Tip de arom\u0103:<\/strong> Gurmand cu cocos<\/p>\n<p data-start=\"647\" data-end=\"791\" class=\"translation-block\">\u2728 <strong data-start=\"649\" data-end=\"658\">Note:<\/strong><br data-start=\"658\" data-end=\"661\">\u2022 <strong data-start=\"663\" data-end=\"675\">V\u00e2rf:<\/strong> Mure, lapte de cocos<br data-start=\"702\" data-end=\"705\">\u2022 <strong data-start=\"707\" data-end=\"718\">Inim\u0103:<\/strong> Crin s\u0103lbatic, floare de zmeur<br data-start=\"745\" data-end=\"748\">\u2022 <strong data-start=\"750\" data-end=\"759\">Baz\u0103:<\/strong> Ambr\u0103 caramelizat\u0103, nisip cald<\/p>\n<p data-start=\"793\" data-end=\"812\" class=\"translation-block\"><strong data-start=\"776\" data-end=\"786\">Volum:<\/strong> 250 ml<\/p>\n<p data-start=\"814\" data-end=\"915\" class=\"translation-block\">\u2728 <strong data-start=\"816\" data-end=\"826\">Sfat:<\/strong> Pentru un parfum intens \u0219i de lung\u0103 durat\u0103, folose\u0219te \u00eempreun\u0103 cu lo\u021biunea de corp <strong data-start=\"883\" data-end=\"914\">Coconut Passion<\/strong>.<\/p>\n<p data-start=\"515\" data-end=\"645\" class=\"translation-block\">\u2705\u00a0<strong>100% original<\/strong> \u2014 procur\u0103m produsele direct de la produc\u0103tor, prin site-ul oficial.<\/p>\n<p data-start=\"515\" data-end=\"645\" class=\"translation-block\">\ud83d\uded2 Scrie-ne pe\u00a0 <img class=\"alignnone size-full wp-image-5999\" src=\"https:\/\/vivasecret.md\/wp-content\/uploads\/2025\/03\/1298747_instagram_brand_logo_social-media_icon.png\" alt=\"\" width=\"24\" height=\"24\">\u00a0<strong><a href=\"http:\/\/instagram.com\/vivasecret.shop\" target=\"_self\">Instagram<\/a><\/strong> sau\u00a0 <img class=\"alignnone size-full wp-image-6000\" src=\"https:\/\/vivasecret.md\/wp-content\/uploads\/2025\/03\/317727_facebook_social-media_social_icon.png\" alt=\"\" width=\"24\" height=\"24\">\u00a0<strong><a href=\"https:\/\/www.facebook.com\/vivasecret.md\" target=\"_self\">Facebook<\/a><\/strong> pentru a plasa o comand\u0103 sau a verifica disponibilitatea.<\/p>","protected":false},"featured_media":6121,"template":"","meta":{"_uag_custom_page_level_css":"","site-sidebar-layout":"default","site-content-layout":"","ast-site-content-layout":"default","site-content-style":"default","site-sidebar-style":"default","ast-global-header-display":"","ast-banner-title-visibility":"","ast-main-header-display":"","ast-hfb-above-header-display":"","ast-hfb-below-header-display":"","ast-hfb-mobile-header-display":"","site-post-title":"","ast-breadcrumbs-content":"","ast-featured-img":"","footer-sml-layout":"","ast-disable-related-posts":"","theme-transparent-header-meta":"default","adv-header-id-meta":"","stick-header-meta":"","header-above-stick-meta":"","header-main-stick-meta":"","header-below-stick-meta":"","astra-migrate-meta-layouts":"set","ast-page-background-enabled":"default","ast-page-background-meta":{"desktop":{"background-color":"","background-image":"","background-repeat":"repeat","background-position":"center center","background-size":"auto","background-attachment":"scroll","background-type":"","background-media":"","overlay-type":"","overlay-color":"","overlay-opacity":"","overlay-gradient":""},"tablet":{"background-color":"","background-image":"","background-repeat":"repeat","background-position":"center center","background-size":"auto","background-attachment":"scroll","background-type":"","background-media":"","overlay-type":"","overlay-color":"","overlay-opacity":"","overlay-gradient":""},"mobile":{"background-color":"","background-image":"","background-repeat":"repeat","background-position":"center center","background-size":"auto","background-attachment":"scroll","background-type":"","background-media":"","overlay-type":"","overlay-color":"","overlay-opacity":"","overlay-gradient":""}},"ast-content-background-meta":{"desktop":{"background-color":"var(--ast-global-color-5)","background-image":"","background-repeat":"repeat","background-position":"center center","background-size":"auto","background-attachment":"scroll","background-type":"","background-media":"","overlay-type":"","overlay-color":"","overlay-opacity":"","overlay-gradient":""},"tablet":{"background-color":"var(--ast-global-color-5)","background-image":"","background-repeat":"repeat","background-position":"center center","background-size":"auto","background-attachment":"scroll","background-type":"","background-media":"","overlay-type":"","overlay-color":"","overlay-opacity":"","overlay-gradient":""},"mobile":{"background-color":"var(--ast-global-color-5)","background-image":"","background-repeat":"repeat","background-position":"center center","background-size":"auto","background-attachment":"scroll","background-type":"","background-media":"","overlay-type":"","overlay-color":"","overlay-opacity":"","overlay-gradient":""}}},"product_brand":[64],"product_cat":[62],"product_tag":[],"class_list":{"0":"post-6120","1":"product","2":"type-product","3":"status-publish","4":"has-post-thumbnail","6":"product_brand-victorias-secret","7":"product_cat-mists","8":"pa_scent-coconut-passion","9":"pa_shimmer-no","10":"desktop-align-left","11":"tablet-align-left","12":"mobile-align-left","14":"first","15":"instock","16":"featured","17":"shipping-taxable","18":"purchasable","19":"product-type-simple"},"yoast_head":"<!-- This site is optimized with the Yoast SEO plugin v27.3 - https:\/\/yoast.com\/product\/yoast-seo-wordpress\/ -->\n<title>\u0421\u043f\u0440\u0435\u0439 \u0434\u043b\u044f \u0442\u0435\u043b\u0430 Victoria\u2019s Secret Coconut Passion - VivaSecret - Victoria\u2019s Secret Moldova<\/title>\n<meta name=\"description\" content=\"\u0421\u043f\u0440\u0435\u0439 \u0434\u043b\u044f \u0442\u0435\u043b\u0430 Victoria\u2019s Secret Coconut Passion \u0441 \u0442\u0451\u043f\u043b\u044b\u043c \u0430\u0440\u043e\u043c\u0430\u0442\u043e\u043c \u043a\u043e\u043a\u043e\u0441\u0430, \u0432\u0430\u043d\u0438\u043b\u0438 \u0438 \u043d\u0435\u0436\u043d\u044b\u0445 \u0446\u0432\u0435\u0442\u043e\u0447\u043d\u044b\u0445 \u0430\u043a\u0446\u0435\u043d\u0442\u043e\u0432.\" \/>\n<meta name=\"robots\" content=\"index, follow, max-snippet:-1, max-image-preview:large, max-video-preview:-1\" \/>\n<link rel=\"canonical\" href=\"https:\/\/vivasecret.md\/ro\/produs\/coconut-passion-body-mist\/\" \/>\n<meta property=\"og:locale\" content=\"ro_RO\" \/>\n<meta property=\"og:type\" content=\"article\" \/>\n<meta property=\"og:title\" content=\"\u0421\u043f\u0440\u0435\u0439 \u0434\u043b\u044f \u0442\u0435\u043b\u0430 Victoria\u2019s Secret Coconut Passion - VivaSecret - Victoria\u2019s Secret Moldova\" \/>\n<meta property=\"og:description\" content=\"\u0421\u043f\u0440\u0435\u0439 \u0434\u043b\u044f \u0442\u0435\u043b\u0430 Victoria\u2019s Secret Coconut Passion \u0441 \u0442\u0451\u043f\u043b\u044b\u043c \u0430\u0440\u043e\u043c\u0430\u0442\u043e\u043c \u043a\u043e\u043a\u043e\u0441\u0430, \u0432\u0430\u043d\u0438\u043b\u0438 \u0438 \u043d\u0435\u0436\u043d\u044b\u0445 \u0446\u0432\u0435\u0442\u043e\u0447\u043d\u044b\u0445 \u0430\u043a\u0446\u0435\u043d\u0442\u043e\u0432.\" \/>\n<meta property=\"og:url\" content=\"https:\/\/vivasecret.md\/ro\/produs\/coconut-passion-body-mist\/\" \/>\n<meta property=\"og:site_name\" content=\"VivaSecret - Victoria\u2019s Secret Moldova\" \/>\n<meta property=\"article:publisher\" content=\"https:\/\/www.facebook.com\/vivasecret.md\" \/>\n<meta property=\"article:modified_time\" content=\"2026-02-17T19:16:08+00:00\" \/>\n<meta property=\"og:image\" content=\"https:\/\/vivasecret.md\/wp-content\/uploads\/2025\/06\/112592033336_OM_F.webp\" \/>\n\t<meta property=\"og:image:width\" content=\"1520\" \/>\n\t<meta property=\"og:image:height\" content=\"2026\" \/>\n\t<meta property=\"og:image:type\" content=\"image\/webp\" \/>\n<meta name=\"twitter:card\" content=\"summary_large_image\" \/>\n<meta name=\"twitter:label1\" content=\"Timp estimat pentru citire\" \/>\n\t<meta name=\"twitter:data1\" content=\"1 minut\" \/>\n<script type=\"application\/ld+json\" class=\"yoast-schema-graph\">{\"@context\":\"https:\\\/\\\/schema.org\",\"@graph\":[{\"@type\":\"WebPage\",\"@id\":\"https:\\\/\\\/vivasecret.md\\\/product\\\/coconut-passion-body-mist\\\/\",\"url\":\"https:\\\/\\\/vivasecret.md\\\/product\\\/coconut-passion-body-mist\\\/\",\"name\":\"\u0421\u043f\u0440\u0435\u0439 \u0434\u043b\u044f \u0442\u0435\u043b\u0430 Victoria\u2019s Secret Coconut Passion - VivaSecret - Victoria\u2019s Secret Moldova\",\"isPartOf\":{\"@id\":\"https:\\\/\\\/vivasecret.md\\\/#website\"},\"primaryImageOfPage\":{\"@id\":\"https:\\\/\\\/vivasecret.md\\\/product\\\/coconut-passion-body-mist\\\/#primaryimage\"},\"image\":{\"@id\":\"https:\\\/\\\/vivasecret.md\\\/product\\\/coconut-passion-body-mist\\\/#primaryimage\"},\"thumbnailUrl\":\"https:\\\/\\\/vivasecret.md\\\/wp-content\\\/uploads\\\/2025\\\/06\\\/112592033336_OM_F.webp\",\"datePublished\":\"2025-03-21T19:00:52+00:00\",\"dateModified\":\"2026-02-17T19:16:08+00:00\",\"description\":\"\u0421\u043f\u0440\u0435\u0439 \u0434\u043b\u044f \u0442\u0435\u043b\u0430 Victoria\u2019s Secret Coconut Passion \u0441 \u0442\u0451\u043f\u043b\u044b\u043c \u0430\u0440\u043e\u043c\u0430\u0442\u043e\u043c \u043a\u043e\u043a\u043e\u0441\u0430, \u0432\u0430\u043d\u0438\u043b\u0438 \u0438 \u043d\u0435\u0436\u043d\u044b\u0445 \u0446\u0432\u0435\u0442\u043e\u0447\u043d\u044b\u0445 \u0430\u043a\u0446\u0435\u043d\u0442\u043e\u0432.\",\"breadcrumb\":{\"@id\":\"https:\\\/\\\/vivasecret.md\\\/product\\\/coconut-passion-body-mist\\\/#breadcrumb\"},\"inLanguage\":\"ro-RO\",\"potentialAction\":[{\"@type\":\"ReadAction\",\"target\":[\"https:\\\/\\\/vivasecret.md\\\/product\\\/coconut-passion-body-mist\\\/\"]}]},{\"@type\":\"ImageObject\",\"inLanguage\":\"ro-RO\",\"@id\":\"https:\\\/\\\/vivasecret.md\\\/product\\\/coconut-passion-body-mist\\\/#primaryimage\",\"url\":\"https:\\\/\\\/vivasecret.md\\\/wp-content\\\/uploads\\\/2025\\\/06\\\/112592033336_OM_F.webp\",\"contentUrl\":\"https:\\\/\\\/vivasecret.md\\\/wp-content\\\/uploads\\\/2025\\\/06\\\/112592033336_OM_F.webp\",\"width\":1520,\"height\":2026},{\"@type\":\"BreadcrumbList\",\"@id\":\"https:\\\/\\\/vivasecret.md\\\/product\\\/coconut-passion-body-mist\\\/#breadcrumb\",\"itemListElement\":[{\"@type\":\"ListItem\",\"position\":1,\"name\":\"\u0413\u043b\u0430\u0432\u043d\u0430\u044f \u0441\u0442\u0440\u0430\u043d\u0438\u0446\u0430\",\"item\":\"https:\\\/\\\/vivasecret.md\\\/\"},{\"@type\":\"ListItem\",\"position\":2,\"name\":\"\u041a\u0430\u0442\u0430\u043b\u043e\u0433\",\"item\":\"https:\\\/\\\/vivasecret.md\\\/store\\\/\"},{\"@type\":\"ListItem\",\"position\":3,\"name\":\"\u0421\u043f\u0440\u0435\u0439 \u0434\u043b\u044f \u0442\u0435\u043b\u0430 Victoria\u2019s Secret Coconut Passion\"}]},{\"@type\":\"WebSite\",\"@id\":\"https:\\\/\\\/vivasecret.md\\\/#website\",\"url\":\"https:\\\/\\\/vivasecret.md\\\/\",\"name\":\"VivaSecret | Victoria\u2019s Secret \u0432 \u041c\u043e\u043b\u0434\u043e\u0432\u0435\",\"description\":\"\u041e\u0440\u0438\u0433\u0438\u043d\u0430\u043b\u044c\u043d\u044b\u0435 \u043c\u0438\u0441\u0442\u044b \u0438 \u043b\u043e\u0441\u044c\u043e\u043d\u044b Victoria\u2019s Secret\",\"publisher\":{\"@id\":\"https:\\\/\\\/vivasecret.md\\\/#organization\"},\"potentialAction\":[{\"@type\":\"SearchAction\",\"target\":{\"@type\":\"EntryPoint\",\"urlTemplate\":\"https:\\\/\\\/vivasecret.md\\\/?s={search_term_string}\"},\"query-input\":{\"@type\":\"PropertyValueSpecification\",\"valueRequired\":true,\"valueName\":\"search_term_string\"}}],\"inLanguage\":\"ro-RO\"},{\"@type\":\"Organization\",\"@id\":\"https:\\\/\\\/vivasecret.md\\\/#organization\",\"name\":\"VivaSecret | Victoria\u2019s Secret \u0432 \u041c\u043e\u043b\u0434\u043e\u0432\u0435\",\"url\":\"https:\\\/\\\/vivasecret.md\\\/\",\"logo\":{\"@type\":\"ImageObject\",\"inLanguage\":\"ro-RO\",\"@id\":\"https:\\\/\\\/vivasecret.md\\\/#\\\/schema\\\/logo\\\/image\\\/\",\"url\":\"https:\\\/\\\/vivasecret.md\\\/wp-content\\\/uploads\\\/2025\\\/09\\\/Viva-Secret-22.png\",\"contentUrl\":\"https:\\\/\\\/vivasecret.md\\\/wp-content\\\/uploads\\\/2025\\\/09\\\/Viva-Secret-22.png\",\"width\":2048,\"height\":2048,\"caption\":\"VivaSecret | Victoria\u2019s Secret \u0432 \u041c\u043e\u043b\u0434\u043e\u0432\u0435\"},\"image\":{\"@id\":\"https:\\\/\\\/vivasecret.md\\\/#\\\/schema\\\/logo\\\/image\\\/\"},\"sameAs\":[\"https:\\\/\\\/www.facebook.com\\\/vivasecret.md\"]}]}<\/script>\n<!-- \/ Yoast SEO plugin. -->","yoast_head_json":{"title":"\u0421\u043f\u0440\u0435\u0439 \u0434\u043b\u044f \u0442\u0435\u043b\u0430 Victoria\u2019s Secret Coconut Passion - VivaSecret - Victoria\u2019s Secret Moldova","description":"\u0421\u043f\u0440\u0435\u0439 \u0434\u043b\u044f \u0442\u0435\u043b\u0430 Victoria\u2019s Secret Coconut Passion \u0441 \u0442\u0451\u043f\u043b\u044b\u043c \u0430\u0440\u043e\u043c\u0430\u0442\u043e\u043c \u043a\u043e\u043a\u043e\u0441\u0430, \u0432\u0430\u043d\u0438\u043b\u0438 \u0438 \u043d\u0435\u0436\u043d\u044b\u0445 \u0446\u0432\u0435\u0442\u043e\u0447\u043d\u044b\u0445 \u0430\u043a\u0446\u0435\u043d\u0442\u043e\u0432.","robots":{"index":"index","follow":"follow","max-snippet":"max-snippet:-1","max-image-preview":"max-image-preview:large","max-video-preview":"max-video-preview:-1"},"canonical":"https:\/\/vivasecret.md\/ro\/produs\/coconut-passion-body-mist\/","og_locale":"ro_RO","og_type":"article","og_title":"\u0421\u043f\u0440\u0435\u0439 \u0434\u043b\u044f \u0442\u0435\u043b\u0430 Victoria\u2019s Secret Coconut Passion - VivaSecret - Victoria\u2019s Secret Moldova","og_description":"\u0421\u043f\u0440\u0435\u0439 \u0434\u043b\u044f \u0442\u0435\u043b\u0430 Victoria\u2019s Secret Coconut Passion \u0441 \u0442\u0451\u043f\u043b\u044b\u043c \u0430\u0440\u043e\u043c\u0430\u0442\u043e\u043c \u043a\u043e\u043a\u043e\u0441\u0430, \u0432\u0430\u043d\u0438\u043b\u0438 \u0438 \u043d\u0435\u0436\u043d\u044b\u0445 \u0446\u0432\u0435\u0442\u043e\u0447\u043d\u044b\u0445 \u0430\u043a\u0446\u0435\u043d\u0442\u043e\u0432.","og_url":"https:\/\/vivasecret.md\/ro\/produs\/coconut-passion-body-mist\/","og_site_name":"VivaSecret - Victoria\u2019s Secret Moldova","article_publisher":"https:\/\/www.facebook.com\/vivasecret.md","article_modified_time":"2026-02-17T19:16:08+00:00","og_image":[{"width":1520,"height":2026,"url":"https:\/\/vivasecret.md\/wp-content\/uploads\/2025\/06\/112592033336_OM_F.webp","type":"image\/webp"}],"twitter_card":"summary_large_image","twitter_misc":{"Timp estimat pentru citire":"1 minut"},"schema":{"@context":"https:\/\/schema.org","@graph":[{"@type":"WebPage","@id":"https:\/\/vivasecret.md\/product\/coconut-passion-body-mist\/","url":"https:\/\/vivasecret.md\/product\/coconut-passion-body-mist\/","name":"\u0421\u043f\u0440\u0435\u0439 \u0434\u043b\u044f \u0442\u0435\u043b\u0430 Victoria\u2019s Secret Coconut Passion - VivaSecret - Victoria\u2019s Secret Moldova","isPartOf":{"@id":"https:\/\/vivasecret.md\/#website"},"primaryImageOfPage":{"@id":"https:\/\/vivasecret.md\/product\/coconut-passion-body-mist\/#primaryimage"},"image":{"@id":"https:\/\/vivasecret.md\/product\/coconut-passion-body-mist\/#primaryimage"},"thumbnailUrl":"https:\/\/vivasecret.md\/wp-content\/uploads\/2025\/06\/112592033336_OM_F.webp","datePublished":"2025-03-21T19:00:52+00:00","dateModified":"2026-02-17T19:16:08+00:00","description":"\u0421\u043f\u0440\u0435\u0439 \u0434\u043b\u044f \u0442\u0435\u043b\u0430 Victoria\u2019s Secret Coconut Passion \u0441 \u0442\u0451\u043f\u043b\u044b\u043c \u0430\u0440\u043e\u043c\u0430\u0442\u043e\u043c \u043a\u043e\u043a\u043e\u0441\u0430, \u0432\u0430\u043d\u0438\u043b\u0438 \u0438 \u043d\u0435\u0436\u043d\u044b\u0445 \u0446\u0432\u0435\u0442\u043e\u0447\u043d\u044b\u0445 \u0430\u043a\u0446\u0435\u043d\u0442\u043e\u0432.","breadcrumb":{"@id":"https:\/\/vivasecret.md\/product\/coconut-passion-body-mist\/#breadcrumb"},"inLanguage":"ro-RO","potentialAction":[{"@type":"ReadAction","target":["https:\/\/vivasecret.md\/product\/coconut-passion-body-mist\/"]}]},{"@type":"ImageObject","inLanguage":"ro-RO","@id":"https:\/\/vivasecret.md\/product\/coconut-passion-body-mist\/#primaryimage","url":"https:\/\/vivasecret.md\/wp-content\/uploads\/2025\/06\/112592033336_OM_F.webp","contentUrl":"https:\/\/vivasecret.md\/wp-content\/uploads\/2025\/06\/112592033336_OM_F.webp","width":1520,"height":2026},{"@type":"BreadcrumbList","@id":"https:\/\/vivasecret.md\/product\/coconut-passion-body-mist\/#breadcrumb","itemListElement":[{"@type":"ListItem","position":1,"name":"\u0413\u043b\u0430\u0432\u043d\u0430\u044f \u0441\u0442\u0440\u0430\u043d\u0438\u0446\u0430","item":"https:\/\/vivasecret.md\/"},{"@type":"ListItem","position":2,"name":"\u041a\u0430\u0442\u0430\u043b\u043e\u0433","item":"https:\/\/vivasecret.md\/store\/"},{"@type":"ListItem","position":3,"name":"\u0421\u043f\u0440\u0435\u0439 \u0434\u043b\u044f \u0442\u0435\u043b\u0430 Victoria\u2019s Secret Coconut Passion"}]},{"@type":"WebSite","@id":"https:\/\/vivasecret.md\/#website","url":"https:\/\/vivasecret.md\/","name":"VivaSecret | Victoria\u2019s Secret \u0432 \u041c\u043e\u043b\u0434\u043e\u0432\u0435","description":"\u041e\u0440\u0438\u0433\u0438\u043d\u0430\u043b\u044c\u043d\u044b\u0435 \u043c\u0438\u0441\u0442\u044b \u0438 \u043b\u043e\u0441\u044c\u043e\u043d\u044b Victoria\u2019s Secret","publisher":{"@id":"https:\/\/vivasecret.md\/#organization"},"potentialAction":[{"@type":"SearchAction","target":{"@type":"EntryPoint","urlTemplate":"https:\/\/vivasecret.md\/?s={search_term_string}"},"query-input":{"@type":"PropertyValueSpecification","valueRequired":true,"valueName":"search_term_string"}}],"inLanguage":"ro-RO"},{"@type":"Organization","@id":"https:\/\/vivasecret.md\/#organization","name":"VivaSecret | Victoria\u2019s Secret \u0432 \u041c\u043e\u043b\u0434\u043e\u0432\u0435","url":"https:\/\/vivasecret.md\/","logo":{"@type":"ImageObject","inLanguage":"ro-RO","@id":"https:\/\/vivasecret.md\/#\/schema\/logo\/image\/","url":"https:\/\/vivasecret.md\/wp-content\/uploads\/2025\/09\/Viva-Secret-22.png","contentUrl":"https:\/\/vivasecret.md\/wp-content\/uploads\/2025\/09\/Viva-Secret-22.png","width":2048,"height":2048,"caption":"VivaSecret | Victoria\u2019s Secret \u0432 \u041c\u043e\u043b\u0434\u043e\u0432\u0435"},"image":{"@id":"https:\/\/vivasecret.md\/#\/schema\/logo\/image\/"},"sameAs":["https:\/\/www.facebook.com\/vivasecret.md"]}]}},"uagb_featured_image_src":{"full":["https:\/\/vivasecret.md\/wp-content\/uploads\/2025\/06\/112592033336_OM_F.webp",1520,2026,false],"thumbnail":["https:\/\/vivasecret.md\/wp-content\/uploads\/2025\/06\/112592033336_OM_F-150x150.webp",150,150,true],"medium":["https:\/\/vivasecret.md\/wp-content\/uploads\/2025\/06\/112592033336_OM_F-225x300.webp",225,300,true],"medium_large":["https:\/\/vivasecret.md\/wp-content\/uploads\/2025\/06\/112592033336_OM_F-768x1024.webp",768,1024,true],"large":["https:\/\/vivasecret.md\/wp-content\/uploads\/2025\/06\/112592033336_OM_F-768x1024.webp",768,1024,true],"1536x1536":["https:\/\/vivasecret.md\/wp-content\/uploads\/2025\/06\/112592033336_OM_F-1152x1536.webp",1152,1536,true],"2048x2048":["https:\/\/vivasecret.md\/wp-content\/uploads\/2025\/06\/112592033336_OM_F.webp",1520,2026,false],"trp-custom-language-flag":["https:\/\/vivasecret.md\/wp-content\/uploads\/2025\/06\/112592033336_OM_F-9x12.webp",9,12,true],"woocommerce_thumbnail":["https:\/\/vivasecret.md\/wp-content\/uploads\/2025\/06\/112592033336_OM_F-300x400.webp",300,400,true],"woocommerce_single":["https:\/\/vivasecret.md\/wp-content\/uploads\/2025\/06\/112592033336_OM_F-600x800.webp",600,800,true],"woocommerce_gallery_thumbnail":["https:\/\/vivasecret.md\/wp-content\/uploads\/2025\/06\/112592033336_OM_F-100x100.webp",100,100,true]},"uagb_author_info":{"display_name":"admin","author_link":"https:\/\/vivasecret.md\/ro\/author\/"},"uagb_comment_info":0,"uagb_excerpt":"\u041f\u043e\u0447\u0443\u0432\u0441\u0442\u0432\u0443\u0439\u0442\u0435 \u0442\u0435\u043f\u043b\u043e \u0441\u043e\u043b\u043d\u0446\u0430 \u043d\u0430 \u043a\u043e\u0436\u0435 \u0441 Coconut Passion\u00a0\u043e\u0442 Victoria\u2019s Secret \u2014 \u0430\u0440\u043e\u043c\u0430\u0442, \u043a\u043e\u0442\u043e\u0440\u044b\u0439 \u0441\u043b\u043e\u0432\u043d\u043e \u0441\u043e\u0437\u0434\u0430\u043d \u0434\u043b\u044f \u0431\u0435\u0437\u0437\u0430\u0431\u043e\u0442\u043d\u044b\u0445 \u043b\u0435\u0442\u043d\u0438\u0445 \u0434\u043d\u0435\u0439 \u0438 \u0442\u0451\u043f\u043b\u044b\u0445 \u0432\u0435\u0447\u0435\u0440\u043e\u0432. \u0421\u043e\u043b\u043d\u0435\u0447\u043d\u044b\u0439, \u0447\u0443\u0432\u0441\u0442\u0432\u0435\u043d\u043d\u044b\u0439 \u0438 \u043c\u0430\u043d\u044f\u0449\u0438\u0439, \u043e\u043d \u043e\u043a\u0443\u0442\u0430\u0435\u0442 \u043b\u0451\u0433\u043a\u043e\u0439 \u0432\u0443\u0430\u043b\u044c\u044e \u0441\u043b\u0430\u0434\u043a\u043e\u0433\u043e \u043a\u043e\u043a\u043e\u0441\u0430 \u0438 \u0446\u0432\u0435\u0442\u043e\u0447\u043d\u044b\u0445 \u0430\u043a\u0446\u0435\u043d\u0442\u043e\u0432. \u041a\u043e\u043c\u043f\u043e\u0437\u0438\u0446\u0438\u044f \u043e\u0442\u043a\u0440\u044b\u0432\u0430\u0435\u0442\u0441\u044f \u0441\u043e\u0447\u043d\u044b\u043c\u0438 \u043d\u043e\u0442\u0430\u043c\u0438 \u0435\u0436\u0435\u0432\u0438\u043a\u0438 \u0438 \u043a\u043e\u043a\u043e\u0441\u043e\u0432\u043e\u0433\u043e \u043c\u043e\u043b\u043e\u0447\u043a\u0430 \ud83e\udd65\ud83c\udf47, \u043f\u043b\u0430\u0432\u043d\u043e \u0440\u0430\u0441\u043a\u0440\u044b\u0432\u0430\u044f\u0441\u044c \u043d\u0435\u0436\u043d\u044b\u043c \u0441\u0435\u0440\u0434\u0446\u0435\u043c \u0438\u0437 \u043b\u0435\u0441\u043d\u043e\u0439 \u043b\u0438\u043b\u0438\u0438 \u0438 \u0446\u0432\u0435\u0442\u043a\u043e\u0432 \u043c\u0430\u043b\u0438\u043d\u044b. \u0417\u0430\u0432\u0435\u0440\u0448\u0430\u0435\u0442&hellip;","_links":{"self":[{"href":"https:\/\/vivasecret.md\/ro\/wp-json\/wp\/v2\/product\/6120","targetHints":{"allow":["GET"]}}],"collection":[{"href":"https:\/\/vivasecret.md\/ro\/wp-json\/wp\/v2\/product"}],"about":[{"href":"https:\/\/vivasecret.md\/ro\/wp-json\/wp\/v2\/types\/product"}],"wp:featuredmedia":[{"embeddable":true,"href":"https:\/\/vivasecret.md\/ro\/wp-json\/wp\/v2\/media\/6121"}],"wp:attachment":[{"href":"https:\/\/vivasecret.md\/ro\/wp-json\/wp\/v2\/media?parent=6120"}],"wp:term":[{"taxonomy":"product_brand","embeddable":true,"href":"https:\/\/vivasecret.md\/ro\/wp-json\/wp\/v2\/product_brand?post=6120"},{"taxonomy":"product_cat","embeddable":true,"href":"https:\/\/vivasecret.md\/ro\/wp-json\/wp\/v2\/product_cat?post=6120"},{"taxonomy":"product_tag","embeddable":true,"href":"https:\/\/vivasecret.md\/ro\/wp-json\/wp\/v2\/product_tag?post=6120"}],"curies":[{"name":"wp","href":"https:\/\/api.w.org\/{rel}","templated":true}]}}