{"id":6130,"date":"2025-06-19T20:03:21","date_gmt":"2025-06-19T20:03:21","guid":{"rendered":"https:\/\/vivasecret.shop\/?post_type=product&#038;p=6130"},"modified":"2025-08-07T16:44:07","modified_gmt":"2025-08-07T16:44:07","slug":"guava-fiesta-shimmer-body-lotion","status":"publish","type":"product","link":"https:\/\/vivasecret.md\/ro\/produs\/guava-fiesta-shimmer-body-lotion\/","title":{"rendered":"Lo\u021biune de corp Victoria\u2019s Secret Guava Fiesta Shimmer"},"content":{"rendered":"","protected":false},"excerpt":{"rendered":"<p data-start=\"119\" data-end=\"399\" class=\"translation-block\">Ad\u0103uga\u021bi pielii str\u0103lucire \u0219i prospe\u021bime tropical\u0103 cu <strong data-start=\"165\" data-end=\"201\">Guava Fiesta Shimmer<\/strong> de la <strong data-start=\"205\" data-end=\"226\">Victoria\u2019s Secret<\/strong>! Aceast\u0103 lo\u021biune hidratant\u0103 cu sclipiri delicate \u2728, unt de shea \u0219i ulei de cocos \ud83e\uddf4\ud83e\udd65 ofer\u0103 hidratare timp de 24 de ore, l\u0103s\u00e2nd pielea catifelat\u0103, hr\u0103nit\u0103 \u0219i parfumat\u0103.<\/p>\n<p data-start=\"401\" data-end=\"657\">Aroma \u2014 o adev\u0103rat\u0103 explozie tropical\u0103 \ud83c\udf4d\ud83c\udf48! Notele vibrante de ananas \u0219i guava zemoas\u0103 se deschid delicat, dezv\u0103luind un buchet floral de petale de iasomie \u0219i frezie \ud83c\udf38, iar compozi\u021bia este completat\u0103 de un mosc fin \u0219i accente calde de lemn de santal \ud83c\udf3f. Lo\u021biunea las\u0103 pe piele o str\u0103lucire discret\u0103 \u0219i o stare de spirit solar\u0103.<\/p>\n<p data-start=\"659\" data-end=\"696\" class=\"translation-block\"><strong data-start=\"464\" data-end=\"480\">Tip de arom\u0103:<\/strong> Fructat-floral<\/p>\n<p data-start=\"698\" data-end=\"845\" class=\"translation-block\">\u2728 <strong data-start=\"700\" data-end=\"709\">Note:<\/strong><br data-start=\"709\" data-end=\"712\">\u2022 <strong data-start=\"714\" data-end=\"726\">Note de v\u00e2rf:<\/strong> Ananas \ud83c\udf4d, guava suculent\u0103 \ud83c\udf48<br data-start=\"753\" data-end=\"756\">\u2022 <strong data-start=\"758\" data-end=\"769\">Note de mijloc:<\/strong> Petale de iasomie \ud83c\udf38, frezie<br data-start=\"797\" data-end=\"800\">\u2022 <strong data-start=\"802\" data-end=\"811\">Note de baz\u0103:<\/strong> Mosc delicat, lemn cald de santal \ud83c\udf3f<\/p>\n<p data-start=\"847\" data-end=\"866\" class=\"translation-block\"><strong data-start=\"618\" data-end=\"628\">Volum:<\/strong> 236 ml<\/p>\n<p data-start=\"868\" data-end=\"972\" class=\"translation-block\">\u2728 <strong data-start=\"870\" data-end=\"880\">Sfat:<\/strong> Pentru un parfum mai persistent \u0219i o str\u0103lucire spectaculoas\u0103, folose\u0219te \u00eempreun\u0103 cu spray-ul <strong data-start=\"947\" data-end=\"971\">Guava Fiesta Shimmer<\/strong>.<\/p>\n<p data-start=\"554\" data-end=\"663\" class=\"translation-block\">\u2705\u00a0<strong>100% original<\/strong> \u2014 procur\u0103m produsele direct de la produc\u0103tor, prin site-ul oficial.<\/p>\n<p data-start=\"554\" data-end=\"663\" class=\"translation-block\">\ud83d\uded2 Scrie-ne pe\u00a0 <img class=\"alignnone size-full wp-image-5999\" src=\"https:\/\/vivasecret.md\/wp-content\/uploads\/2025\/03\/1298747_instagram_brand_logo_social-media_icon.png\" alt=\"\" width=\"24\" height=\"24\">\u00a0<strong><a href=\"https:\/\/instagram.com\/vivasecret.shop\" target=\"_self\">Instagram<\/a><\/strong> sau\u00a0 <img class=\"alignnone size-full wp-image-6000\" src=\"https:\/\/vivasecret.md\/wp-content\/uploads\/2025\/03\/317727_facebook_social-media_social_icon.png\" alt=\"\" width=\"24\" height=\"24\">\u00a0<strong><a href=\"https:\/\/www.facebook.com\/vivasecret.md\" target=\"_self\">Facebook<\/a><\/strong> pentru a plasa o comand\u0103 sau a verifica disponibilitatea.<\/p>","protected":false},"featured_media":6188,"template":"","meta":{"_uag_custom_page_level_css":"","site-sidebar-layout":"default","site-content-layout":"","ast-site-content-layout":"default","site-content-style":"default","site-sidebar-style":"default","ast-global-header-display":"","ast-banner-title-visibility":"","ast-main-header-display":"","ast-hfb-above-header-display":"","ast-hfb-below-header-display":"","ast-hfb-mobile-header-display":"","site-post-title":"","ast-breadcrumbs-content":"","ast-featured-img":"","footer-sml-layout":"","ast-disable-related-posts":"","theme-transparent-header-meta":"default","adv-header-id-meta":"","stick-header-meta":"","header-above-stick-meta":"","header-main-stick-meta":"","header-below-stick-meta":"","astra-migrate-meta-layouts":"set","ast-page-background-enabled":"default","ast-page-background-meta":{"desktop":{"background-color":"","background-image":"","background-repeat":"repeat","background-position":"center center","background-size":"auto","background-attachment":"scroll","background-type":"","background-media":"","overlay-type":"","overlay-color":"","overlay-opacity":"","overlay-gradient":""},"tablet":{"background-color":"","background-image":"","background-repeat":"repeat","background-position":"center center","background-size":"auto","background-attachment":"scroll","background-type":"","background-media":"","overlay-type":"","overlay-color":"","overlay-opacity":"","overlay-gradient":""},"mobile":{"background-color":"","background-image":"","background-repeat":"repeat","background-position":"center center","background-size":"auto","background-attachment":"scroll","background-type":"","background-media":"","overlay-type":"","overlay-color":"","overlay-opacity":"","overlay-gradient":""}},"ast-content-background-meta":{"desktop":{"background-color":"var(--ast-global-color-5)","background-image":"","background-repeat":"repeat","background-position":"center center","background-size":"auto","background-attachment":"scroll","background-type":"","background-media":"","overlay-type":"","overlay-color":"","overlay-opacity":"","overlay-gradient":""},"tablet":{"background-color":"var(--ast-global-color-5)","background-image":"","background-repeat":"repeat","background-position":"center center","background-size":"auto","background-attachment":"scroll","background-type":"","background-media":"","overlay-type":"","overlay-color":"","overlay-opacity":"","overlay-gradient":""},"mobile":{"background-color":"var(--ast-global-color-5)","background-image":"","background-repeat":"repeat","background-position":"center center","background-size":"auto","background-attachment":"scroll","background-type":"","background-media":"","overlay-type":"","overlay-color":"","overlay-opacity":"","overlay-gradient":""}}},"product_brand":[64],"product_cat":[63],"product_tag":[],"class_list":{"0":"post-6130","1":"product","2":"type-product","3":"status-publish","4":"has-post-thumbnail","6":"product_brand-victorias-secret","7":"product_cat-lotions","8":"pa_scent-guava-fiesta","9":"pa_shimmer-yes","10":"desktop-align-left","11":"tablet-align-left","12":"mobile-align-left","14":"first","15":"instock","16":"shipping-taxable","17":"purchasable","18":"product-type-simple"},"yoast_head":"<!-- This site is optimized with the Yoast SEO plugin v27.3 - https:\/\/yoast.com\/product\/yoast-seo-wordpress\/ -->\n<title>\u041b\u043e\u0441\u044c\u043e\u043d \u0434\u043b\u044f \u0442\u0435\u043b\u0430 Victoria\u2019s Secret Guava Fiesta Shimmer - VivaSecret - Victoria\u2019s Secret Moldova<\/title>\n<meta name=\"description\" content=\"\u041b\u043e\u0441\u044c\u043e\u043d \u0434\u043b\u044f \u0442\u0435\u043b\u0430 Victoria\u2019s Secret Guava Fiesta Shimmer \u0441 \u043c\u0435\u0440\u0446\u0430\u043d\u0438\u0435\u043c \u0438 \u0430\u0440\u043e\u043c\u0430\u0442\u043e\u043c \u0433\u0443\u0430\u0432\u044b, \u0446\u0438\u0442\u0440\u0443\u0441\u043e\u0432 \u0438 \u043b\u0435\u0442\u043d\u0438\u0445 \u0442\u0440\u043e\u043f\u0438\u0447\u0435\u0441\u043a\u0438\u0445 \u0446\u0432\u0435\u0442\u043e\u0432.\" \/>\n<meta name=\"robots\" content=\"index, follow, max-snippet:-1, max-image-preview:large, max-video-preview:-1\" \/>\n<link rel=\"canonical\" href=\"https:\/\/vivasecret.md\/ro\/produs\/guava-fiesta-shimmer-body-lotion\/\" \/>\n<meta property=\"og:locale\" content=\"ro_RO\" \/>\n<meta property=\"og:type\" content=\"article\" \/>\n<meta property=\"og:title\" content=\"\u041b\u043e\u0441\u044c\u043e\u043d \u0434\u043b\u044f \u0442\u0435\u043b\u0430 Victoria\u2019s Secret Guava Fiesta Shimmer - VivaSecret - Victoria\u2019s Secret Moldova\" \/>\n<meta property=\"og:description\" content=\"\u041b\u043e\u0441\u044c\u043e\u043d \u0434\u043b\u044f \u0442\u0435\u043b\u0430 Victoria\u2019s Secret Guava Fiesta Shimmer \u0441 \u043c\u0435\u0440\u0446\u0430\u043d\u0438\u0435\u043c \u0438 \u0430\u0440\u043e\u043c\u0430\u0442\u043e\u043c \u0433\u0443\u0430\u0432\u044b, \u0446\u0438\u0442\u0440\u0443\u0441\u043e\u0432 \u0438 \u043b\u0435\u0442\u043d\u0438\u0445 \u0442\u0440\u043e\u043f\u0438\u0447\u0435\u0441\u043a\u0438\u0445 \u0446\u0432\u0435\u0442\u043e\u0432.\" \/>\n<meta property=\"og:url\" content=\"https:\/\/vivasecret.md\/ro\/produs\/guava-fiesta-shimmer-body-lotion\/\" \/>\n<meta property=\"og:site_name\" content=\"VivaSecret - Victoria\u2019s Secret Moldova\" \/>\n<meta property=\"article:publisher\" content=\"https:\/\/www.facebook.com\/vivasecret.md\" \/>\n<meta property=\"article:modified_time\" content=\"2025-08-07T16:44:07+00:00\" \/>\n<meta property=\"og:image\" content=\"https:\/\/vivasecret.md\/wp-content\/uploads\/2025\/06\/38942174-1.jpg\" \/>\n\t<meta property=\"og:image:width\" content=\"960\" \/>\n\t<meta property=\"og:image:height\" content=\"1280\" \/>\n\t<meta property=\"og:image:type\" content=\"image\/jpeg\" \/>\n<meta name=\"twitter:card\" content=\"summary_large_image\" \/>\n<meta name=\"twitter:label1\" content=\"Timp estimat pentru citire\" \/>\n\t<meta name=\"twitter:data1\" content=\"1 minut\" \/>\n<script type=\"application\/ld+json\" class=\"yoast-schema-graph\">{\"@context\":\"https:\\\/\\\/schema.org\",\"@graph\":[{\"@type\":\"WebPage\",\"@id\":\"https:\\\/\\\/vivasecret.md\\\/product\\\/guava-fiesta-shimmer-body-lotion\\\/\",\"url\":\"https:\\\/\\\/vivasecret.md\\\/product\\\/guava-fiesta-shimmer-body-lotion\\\/\",\"name\":\"\u041b\u043e\u0441\u044c\u043e\u043d \u0434\u043b\u044f \u0442\u0435\u043b\u0430 Victoria\u2019s Secret Guava Fiesta Shimmer - VivaSecret - Victoria\u2019s Secret Moldova\",\"isPartOf\":{\"@id\":\"https:\\\/\\\/vivasecret.md\\\/#website\"},\"primaryImageOfPage\":{\"@id\":\"https:\\\/\\\/vivasecret.md\\\/product\\\/guava-fiesta-shimmer-body-lotion\\\/#primaryimage\"},\"image\":{\"@id\":\"https:\\\/\\\/vivasecret.md\\\/product\\\/guava-fiesta-shimmer-body-lotion\\\/#primaryimage\"},\"thumbnailUrl\":\"https:\\\/\\\/vivasecret.md\\\/wp-content\\\/uploads\\\/2025\\\/06\\\/38942174-1.jpg\",\"datePublished\":\"2025-06-19T20:03:21+00:00\",\"dateModified\":\"2025-08-07T16:44:07+00:00\",\"description\":\"\u041b\u043e\u0441\u044c\u043e\u043d \u0434\u043b\u044f \u0442\u0435\u043b\u0430 Victoria\u2019s Secret Guava Fiesta Shimmer \u0441 \u043c\u0435\u0440\u0446\u0430\u043d\u0438\u0435\u043c \u0438 \u0430\u0440\u043e\u043c\u0430\u0442\u043e\u043c \u0433\u0443\u0430\u0432\u044b, \u0446\u0438\u0442\u0440\u0443\u0441\u043e\u0432 \u0438 \u043b\u0435\u0442\u043d\u0438\u0445 \u0442\u0440\u043e\u043f\u0438\u0447\u0435\u0441\u043a\u0438\u0445 \u0446\u0432\u0435\u0442\u043e\u0432.\",\"breadcrumb\":{\"@id\":\"https:\\\/\\\/vivasecret.md\\\/product\\\/guava-fiesta-shimmer-body-lotion\\\/#breadcrumb\"},\"inLanguage\":\"ro-RO\",\"potentialAction\":[{\"@type\":\"ReadAction\",\"target\":[\"https:\\\/\\\/vivasecret.md\\\/product\\\/guava-fiesta-shimmer-body-lotion\\\/\"]}]},{\"@type\":\"ImageObject\",\"inLanguage\":\"ro-RO\",\"@id\":\"https:\\\/\\\/vivasecret.md\\\/product\\\/guava-fiesta-shimmer-body-lotion\\\/#primaryimage\",\"url\":\"https:\\\/\\\/vivasecret.md\\\/wp-content\\\/uploads\\\/2025\\\/06\\\/38942174-1.jpg\",\"contentUrl\":\"https:\\\/\\\/vivasecret.md\\\/wp-content\\\/uploads\\\/2025\\\/06\\\/38942174-1.jpg\",\"width\":960,\"height\":1280},{\"@type\":\"BreadcrumbList\",\"@id\":\"https:\\\/\\\/vivasecret.md\\\/product\\\/guava-fiesta-shimmer-body-lotion\\\/#breadcrumb\",\"itemListElement\":[{\"@type\":\"ListItem\",\"position\":1,\"name\":\"\u0413\u043b\u0430\u0432\u043d\u0430\u044f \u0441\u0442\u0440\u0430\u043d\u0438\u0446\u0430\",\"item\":\"https:\\\/\\\/vivasecret.md\\\/\"},{\"@type\":\"ListItem\",\"position\":2,\"name\":\"\u041a\u0430\u0442\u0430\u043b\u043e\u0433\",\"item\":\"https:\\\/\\\/vivasecret.md\\\/store\\\/\"},{\"@type\":\"ListItem\",\"position\":3,\"name\":\"\u041b\u043e\u0441\u044c\u043e\u043d \u0434\u043b\u044f \u0442\u0435\u043b\u0430 Victoria\u2019s Secret Guava Fiesta Shimmer\"}]},{\"@type\":\"WebSite\",\"@id\":\"https:\\\/\\\/vivasecret.md\\\/#website\",\"url\":\"https:\\\/\\\/vivasecret.md\\\/\",\"name\":\"VivaSecret | Victoria\u2019s Secret \u0432 \u041c\u043e\u043b\u0434\u043e\u0432\u0435\",\"description\":\"\u041e\u0440\u0438\u0433\u0438\u043d\u0430\u043b\u044c\u043d\u044b\u0435 \u043c\u0438\u0441\u0442\u044b \u0438 \u043b\u043e\u0441\u044c\u043e\u043d\u044b Victoria\u2019s Secret\",\"publisher\":{\"@id\":\"https:\\\/\\\/vivasecret.md\\\/#organization\"},\"potentialAction\":[{\"@type\":\"SearchAction\",\"target\":{\"@type\":\"EntryPoint\",\"urlTemplate\":\"https:\\\/\\\/vivasecret.md\\\/?s={search_term_string}\"},\"query-input\":{\"@type\":\"PropertyValueSpecification\",\"valueRequired\":true,\"valueName\":\"search_term_string\"}}],\"inLanguage\":\"ro-RO\"},{\"@type\":\"Organization\",\"@id\":\"https:\\\/\\\/vivasecret.md\\\/#organization\",\"name\":\"VivaSecret | Victoria\u2019s Secret \u0432 \u041c\u043e\u043b\u0434\u043e\u0432\u0435\",\"url\":\"https:\\\/\\\/vivasecret.md\\\/\",\"logo\":{\"@type\":\"ImageObject\",\"inLanguage\":\"ro-RO\",\"@id\":\"https:\\\/\\\/vivasecret.md\\\/#\\\/schema\\\/logo\\\/image\\\/\",\"url\":\"https:\\\/\\\/vivasecret.md\\\/wp-content\\\/uploads\\\/2025\\\/09\\\/Viva-Secret-22.png\",\"contentUrl\":\"https:\\\/\\\/vivasecret.md\\\/wp-content\\\/uploads\\\/2025\\\/09\\\/Viva-Secret-22.png\",\"width\":2048,\"height\":2048,\"caption\":\"VivaSecret | Victoria\u2019s Secret \u0432 \u041c\u043e\u043b\u0434\u043e\u0432\u0435\"},\"image\":{\"@id\":\"https:\\\/\\\/vivasecret.md\\\/#\\\/schema\\\/logo\\\/image\\\/\"},\"sameAs\":[\"https:\\\/\\\/www.facebook.com\\\/vivasecret.md\"]}]}<\/script>\n<!-- \/ Yoast SEO plugin. -->","yoast_head_json":{"title":"\u041b\u043e\u0441\u044c\u043e\u043d \u0434\u043b\u044f \u0442\u0435\u043b\u0430 Victoria\u2019s Secret Guava Fiesta Shimmer - VivaSecret - Victoria\u2019s Secret Moldova","description":"\u041b\u043e\u0441\u044c\u043e\u043d \u0434\u043b\u044f \u0442\u0435\u043b\u0430 Victoria\u2019s Secret Guava Fiesta Shimmer \u0441 \u043c\u0435\u0440\u0446\u0430\u043d\u0438\u0435\u043c \u0438 \u0430\u0440\u043e\u043c\u0430\u0442\u043e\u043c \u0433\u0443\u0430\u0432\u044b, \u0446\u0438\u0442\u0440\u0443\u0441\u043e\u0432 \u0438 \u043b\u0435\u0442\u043d\u0438\u0445 \u0442\u0440\u043e\u043f\u0438\u0447\u0435\u0441\u043a\u0438\u0445 \u0446\u0432\u0435\u0442\u043e\u0432.","robots":{"index":"index","follow":"follow","max-snippet":"max-snippet:-1","max-image-preview":"max-image-preview:large","max-video-preview":"max-video-preview:-1"},"canonical":"https:\/\/vivasecret.md\/ro\/produs\/guava-fiesta-shimmer-body-lotion\/","og_locale":"ro_RO","og_type":"article","og_title":"\u041b\u043e\u0441\u044c\u043e\u043d \u0434\u043b\u044f \u0442\u0435\u043b\u0430 Victoria\u2019s Secret Guava Fiesta Shimmer - VivaSecret - Victoria\u2019s Secret Moldova","og_description":"\u041b\u043e\u0441\u044c\u043e\u043d \u0434\u043b\u044f \u0442\u0435\u043b\u0430 Victoria\u2019s Secret Guava Fiesta Shimmer \u0441 \u043c\u0435\u0440\u0446\u0430\u043d\u0438\u0435\u043c \u0438 \u0430\u0440\u043e\u043c\u0430\u0442\u043e\u043c \u0433\u0443\u0430\u0432\u044b, \u0446\u0438\u0442\u0440\u0443\u0441\u043e\u0432 \u0438 \u043b\u0435\u0442\u043d\u0438\u0445 \u0442\u0440\u043e\u043f\u0438\u0447\u0435\u0441\u043a\u0438\u0445 \u0446\u0432\u0435\u0442\u043e\u0432.","og_url":"https:\/\/vivasecret.md\/ro\/produs\/guava-fiesta-shimmer-body-lotion\/","og_site_name":"VivaSecret - Victoria\u2019s Secret Moldova","article_publisher":"https:\/\/www.facebook.com\/vivasecret.md","article_modified_time":"2025-08-07T16:44:07+00:00","og_image":[{"width":960,"height":1280,"url":"https:\/\/vivasecret.md\/wp-content\/uploads\/2025\/06\/38942174-1.jpg","type":"image\/jpeg"}],"twitter_card":"summary_large_image","twitter_misc":{"Timp estimat pentru citire":"1 minut"},"schema":{"@context":"https:\/\/schema.org","@graph":[{"@type":"WebPage","@id":"https:\/\/vivasecret.md\/product\/guava-fiesta-shimmer-body-lotion\/","url":"https:\/\/vivasecret.md\/product\/guava-fiesta-shimmer-body-lotion\/","name":"\u041b\u043e\u0441\u044c\u043e\u043d \u0434\u043b\u044f \u0442\u0435\u043b\u0430 Victoria\u2019s Secret Guava Fiesta Shimmer - VivaSecret - Victoria\u2019s Secret Moldova","isPartOf":{"@id":"https:\/\/vivasecret.md\/#website"},"primaryImageOfPage":{"@id":"https:\/\/vivasecret.md\/product\/guava-fiesta-shimmer-body-lotion\/#primaryimage"},"image":{"@id":"https:\/\/vivasecret.md\/product\/guava-fiesta-shimmer-body-lotion\/#primaryimage"},"thumbnailUrl":"https:\/\/vivasecret.md\/wp-content\/uploads\/2025\/06\/38942174-1.jpg","datePublished":"2025-06-19T20:03:21+00:00","dateModified":"2025-08-07T16:44:07+00:00","description":"\u041b\u043e\u0441\u044c\u043e\u043d \u0434\u043b\u044f \u0442\u0435\u043b\u0430 Victoria\u2019s Secret Guava Fiesta Shimmer \u0441 \u043c\u0435\u0440\u0446\u0430\u043d\u0438\u0435\u043c \u0438 \u0430\u0440\u043e\u043c\u0430\u0442\u043e\u043c \u0433\u0443\u0430\u0432\u044b, \u0446\u0438\u0442\u0440\u0443\u0441\u043e\u0432 \u0438 \u043b\u0435\u0442\u043d\u0438\u0445 \u0442\u0440\u043e\u043f\u0438\u0447\u0435\u0441\u043a\u0438\u0445 \u0446\u0432\u0435\u0442\u043e\u0432.","breadcrumb":{"@id":"https:\/\/vivasecret.md\/product\/guava-fiesta-shimmer-body-lotion\/#breadcrumb"},"inLanguage":"ro-RO","potentialAction":[{"@type":"ReadAction","target":["https:\/\/vivasecret.md\/product\/guava-fiesta-shimmer-body-lotion\/"]}]},{"@type":"ImageObject","inLanguage":"ro-RO","@id":"https:\/\/vivasecret.md\/product\/guava-fiesta-shimmer-body-lotion\/#primaryimage","url":"https:\/\/vivasecret.md\/wp-content\/uploads\/2025\/06\/38942174-1.jpg","contentUrl":"https:\/\/vivasecret.md\/wp-content\/uploads\/2025\/06\/38942174-1.jpg","width":960,"height":1280},{"@type":"BreadcrumbList","@id":"https:\/\/vivasecret.md\/product\/guava-fiesta-shimmer-body-lotion\/#breadcrumb","itemListElement":[{"@type":"ListItem","position":1,"name":"\u0413\u043b\u0430\u0432\u043d\u0430\u044f \u0441\u0442\u0440\u0430\u043d\u0438\u0446\u0430","item":"https:\/\/vivasecret.md\/"},{"@type":"ListItem","position":2,"name":"\u041a\u0430\u0442\u0430\u043b\u043e\u0433","item":"https:\/\/vivasecret.md\/store\/"},{"@type":"ListItem","position":3,"name":"\u041b\u043e\u0441\u044c\u043e\u043d \u0434\u043b\u044f \u0442\u0435\u043b\u0430 Victoria\u2019s Secret Guava Fiesta Shimmer"}]},{"@type":"WebSite","@id":"https:\/\/vivasecret.md\/#website","url":"https:\/\/vivasecret.md\/","name":"VivaSecret | Victoria\u2019s Secret \u0432 \u041c\u043e\u043b\u0434\u043e\u0432\u0435","description":"\u041e\u0440\u0438\u0433\u0438\u043d\u0430\u043b\u044c\u043d\u044b\u0435 \u043c\u0438\u0441\u0442\u044b \u0438 \u043b\u043e\u0441\u044c\u043e\u043d\u044b Victoria\u2019s Secret","publisher":{"@id":"https:\/\/vivasecret.md\/#organization"},"potentialAction":[{"@type":"SearchAction","target":{"@type":"EntryPoint","urlTemplate":"https:\/\/vivasecret.md\/?s={search_term_string}"},"query-input":{"@type":"PropertyValueSpecification","valueRequired":true,"valueName":"search_term_string"}}],"inLanguage":"ro-RO"},{"@type":"Organization","@id":"https:\/\/vivasecret.md\/#organization","name":"VivaSecret | Victoria\u2019s Secret \u0432 \u041c\u043e\u043b\u0434\u043e\u0432\u0435","url":"https:\/\/vivasecret.md\/","logo":{"@type":"ImageObject","inLanguage":"ro-RO","@id":"https:\/\/vivasecret.md\/#\/schema\/logo\/image\/","url":"https:\/\/vivasecret.md\/wp-content\/uploads\/2025\/09\/Viva-Secret-22.png","contentUrl":"https:\/\/vivasecret.md\/wp-content\/uploads\/2025\/09\/Viva-Secret-22.png","width":2048,"height":2048,"caption":"VivaSecret | Victoria\u2019s Secret \u0432 \u041c\u043e\u043b\u0434\u043e\u0432\u0435"},"image":{"@id":"https:\/\/vivasecret.md\/#\/schema\/logo\/image\/"},"sameAs":["https:\/\/www.facebook.com\/vivasecret.md"]}]}},"uagb_featured_image_src":{"full":["https:\/\/vivasecret.md\/wp-content\/uploads\/2025\/06\/38942174-1.jpg",960,1280,false],"thumbnail":["https:\/\/vivasecret.md\/wp-content\/uploads\/2025\/06\/38942174-1-150x150.jpg",150,150,true],"medium":["https:\/\/vivasecret.md\/wp-content\/uploads\/2025\/06\/38942174-1-225x300.jpg",225,300,true],"medium_large":["https:\/\/vivasecret.md\/wp-content\/uploads\/2025\/06\/38942174-1-768x1024.jpg",768,1024,true],"large":["https:\/\/vivasecret.md\/wp-content\/uploads\/2025\/06\/38942174-1-768x1024.jpg",768,1024,true],"1536x1536":["https:\/\/vivasecret.md\/wp-content\/uploads\/2025\/06\/38942174-1.jpg",960,1280,false],"2048x2048":["https:\/\/vivasecret.md\/wp-content\/uploads\/2025\/06\/38942174-1.jpg",960,1280,false],"trp-custom-language-flag":["https:\/\/vivasecret.md\/wp-content\/uploads\/2025\/06\/38942174-1-9x12.jpg",9,12,true],"woocommerce_thumbnail":["https:\/\/vivasecret.md\/wp-content\/uploads\/2025\/06\/38942174-1-300x400.jpg",300,400,true],"woocommerce_single":["https:\/\/vivasecret.md\/wp-content\/uploads\/2025\/06\/38942174-1-600x800.jpg",600,800,true],"woocommerce_gallery_thumbnail":["https:\/\/vivasecret.md\/wp-content\/uploads\/2025\/06\/38942174-1-100x100.jpg",100,100,true]},"uagb_author_info":{"display_name":"admin","author_link":"https:\/\/vivasecret.md\/ro\/author\/"},"uagb_comment_info":0,"uagb_excerpt":"\u0414\u043e\u0431\u0430\u0432\u044c\u0442\u0435 \u043a\u043e\u0436\u0435 \u0441\u0438\u044f\u043d\u0438\u044f \u0438 \u0442\u0440\u043e\u043f\u0438\u0447\u0435\u0441\u043a\u043e\u0439 \u0441\u0432\u0435\u0436\u0435\u0441\u0442\u0438 \u0441 Guava Fiesta Shimmer\u00a0\u043e\u0442 Victoria\u2019s Secret! \u042d\u0442\u043e\u0442 \u0443\u0432\u043b\u0430\u0436\u043d\u044f\u044e\u0449\u0438\u0439 \u043b\u043e\u0441\u044c\u043e\u043d \u0441 \u0434\u0435\u043b\u0438\u043a\u0430\u0442\u043d\u044b\u043c \u043c\u0435\u0440\u0446\u0430\u043d\u0438\u0435\u043c \u2728, \u043c\u0430\u0441\u043b\u043e\u043c \u0448\u0438 \u0438 \u043a\u043e\u043a\u043e\u0441\u043e\u0432\u044b\u043c \u043c\u0430\u0441\u043b\u043e\u043c \ud83e\uddf4\ud83e\udd65 \u043e\u0431\u0435\u0441\u043f\u0435\u0447\u0438\u0432\u0430\u0435\u0442 24-\u0447\u0430\u0441\u043e\u0432\u043e\u0435 \u043f\u0438\u0442\u0430\u043d\u0438\u0435, \u043e\u0441\u0442\u0430\u0432\u043b\u044f\u044f \u043a\u043e\u0436\u0443 \u0431\u0430\u0440\u0445\u0430\u0442\u0438\u0441\u0442\u043e\u0439, \u0443\u0432\u043b\u0430\u0436\u043d\u0451\u043d\u043d\u043e\u0439 \u0438 \u0431\u043b\u0430\u0433\u043e\u0443\u0445\u0430\u044e\u0449\u0435\u0439. \u0410\u0440\u043e\u043c\u0430\u0442 \u2014 \u043d\u0430\u0441\u0442\u043e\u044f\u0449\u0438\u0439 \u0432\u0437\u0440\u044b\u0432 \u0442\u0440\u043e\u043f\u0438\u043a\u043e\u0432 \ud83c\udf4d\ud83c\udf48! \u042f\u0440\u043a\u0438\u0435 \u043d\u043e\u0442\u044b \u0430\u043d\u0430\u043d\u0430\u0441\u0430 \u0438 \u0441\u043e\u0447\u043d\u043e\u0439 \u0433\u0443\u0430\u0432\u044b \u043f\u043b\u0430\u0432\u043d\u043e \u0440\u0430\u0441\u043a\u0440\u044b\u0432\u0430\u044e\u0442\u0441\u044f \u0432 \u0441\u0435\u0440\u0434\u0446\u0435 \u0438\u0437 \u043b\u0435\u043f\u0435\u0441\u0442\u043a\u043e\u0432 \u0436\u0430\u0441\u043c\u0438\u043d\u0430 \u0438 \u0444\u0440\u0435\u0437\u0438\u0438&hellip;","_links":{"self":[{"href":"https:\/\/vivasecret.md\/ro\/wp-json\/wp\/v2\/product\/6130","targetHints":{"allow":["GET"]}}],"collection":[{"href":"https:\/\/vivasecret.md\/ro\/wp-json\/wp\/v2\/product"}],"about":[{"href":"https:\/\/vivasecret.md\/ro\/wp-json\/wp\/v2\/types\/product"}],"wp:featuredmedia":[{"embeddable":true,"href":"https:\/\/vivasecret.md\/ro\/wp-json\/wp\/v2\/media\/6188"}],"wp:attachment":[{"href":"https:\/\/vivasecret.md\/ro\/wp-json\/wp\/v2\/media?parent=6130"}],"wp:term":[{"taxonomy":"product_brand","embeddable":true,"href":"https:\/\/vivasecret.md\/ro\/wp-json\/wp\/v2\/product_brand?post=6130"},{"taxonomy":"product_cat","embeddable":true,"href":"https:\/\/vivasecret.md\/ro\/wp-json\/wp\/v2\/product_cat?post=6130"},{"taxonomy":"product_tag","embeddable":true,"href":"https:\/\/vivasecret.md\/ro\/wp-json\/wp\/v2\/product_tag?post=6130"}],"curies":[{"name":"wp","href":"https:\/\/api.w.org\/{rel}","templated":true}]}}