{"id":6259,"date":"2025-03-22T19:01:56","date_gmt":"2025-03-22T19:01:56","guid":{"rendered":"https:\/\/vivasecret.shop\/?post_type=product&#038;p=6259"},"modified":"2026-02-17T19:18:49","modified_gmt":"2026-02-17T19:18:49","slug":"midnight-bloom-body-lotion-2","status":"publish","type":"product","link":"https:\/\/vivasecret.md\/ro\/produs\/midnight-bloom-body-lotion-2\/","title":{"rendered":"Lo\u021biune de corp Victoria\u2019s Secret Midnight Bloom"},"content":{"rendered":"","protected":false},"excerpt":{"rendered":"<p data-start=\"115\" data-end=\"415\" class=\"translation-block\">Cufunda\u021bi-v\u0103 \u00een atmosfera fermecat\u0103 a unei gr\u0103dini de noapte cu <strong data-start=\"161\" data-end=\"191\">Midnight Bloom<\/strong> de la <strong data-start=\"195\" data-end=\"216\">Victoria\u2019s Secret<\/strong>! Aceast\u0103 lo\u021biune catifelat\u0103 cu unt de shea \u0219i ulei de cocos \ud83e\uddf4\ud83e\udd65 hidrateaz\u0103 pielea timp de 24 de ore, l\u0103s\u00e2nd-o fin\u0103, moale \u0219i \u00eenv\u0103luit\u0103 \u00eentr-un parfum floral cald de flori lunare \u0219i note cremoase lemnoase \ud83c\udf38\ud83c\udf19.<\/p>\n<p data-start=\"417\" data-end=\"526\">Un parfum ca o noapte plin\u0103 de stele \u0219i romantism \u2014 pentru vis\u0103toare \u0219i cele care iubesc misterul pove\u0219tilor de la miezul nop\u021bii \u2728.<\/p>\n<p data-start=\"528\" data-end=\"563\" class=\"translation-block\"><strong data-start=\"603\" data-end=\"619\">Tip de arom\u0103:<\/strong> Floral cald<\/p>\n<p data-start=\"565\" data-end=\"666\" class=\"translation-block\">\u2728 <strong data-start=\"567\" data-end=\"576\">Note:<\/strong><br data-start=\"576\" data-end=\"579\">\u2022 Floare de lun\u0103 \ud83c\udf38<br data-start=\"597\" data-end=\"600\">\u2022 Note lemnoase cremoase \ud83c\udf3f<br data-start=\"628\" data-end=\"631\">\u2022 U\u0219or voal misterios de noapte \ud83c\udf19<\/p>\n<p data-start=\"668\" data-end=\"687\" class=\"translation-block\"><strong data-start=\"618\" data-end=\"628\">Volum:<\/strong> 236 ml<\/p>\n<p data-start=\"689\" data-end=\"782\" class=\"translation-block\">\u2728 <strong data-start=\"691\" data-end=\"701\">Sfat:<\/strong> Pentru un parfum de durat\u0103 maxim\u0103, folosi\u021bi \u00eempreun\u0103 cu spray-ul de corp <strong data-start=\"763\" data-end=\"781\">Midnight Bloom<\/strong>.<\/p>\n<p data-start=\"689\" data-end=\"782\" class=\"translation-block\">\u2705\u00a0<strong>100% original<\/strong> \u2014 procur\u0103m produsele direct de la produc\u0103tor, prin site-ul oficial.<\/p>\n<p data-start=\"554\" data-end=\"663\"><img decoding=\"async\" class=\"emoji\" role=\"img\" draggable=\"false\" src=\"https:\/\/s.w.org\/images\/core\/emoji\/16.0.1\/svg\/1f6d2.svg\" alt=\"\ud83d\uded2\" \/>\u00a0\u041f\u0438\u0448\u0438\u0442\u0435 \u043d\u0430\u043c \u0432\u00a0\u00a0<img loading=\"lazy\" decoding=\"async\" class=\"alignnone size-full wp-image-5999\" src=\"https:\/\/vivasecret.md\/wp-content\/uploads\/2025\/03\/1298747_instagram_brand_logo_social-media_icon.png\" alt=\"\" width=\"24\" height=\"24\" srcset=\"https:\/\/vivasecret.md\/wp-content\/uploads\/2025\/03\/1298747_instagram_brand_logo_social-media_icon.png 24w, https:\/\/vivasecret.md\/wp-content\/uploads\/2025\/03\/1298747_instagram_brand_logo_social-media_icon-12x12.png 12w\" sizes=\"auto, (max-width: 24px) 100vw, 24px\" \/>\u00a0<strong><a href=\"http:\/\/instagram.com\/vivasecret.shop\">Instagram<\/a><\/strong>\u00a0sau\u00a0\u00a0<img loading=\"lazy\" decoding=\"async\" class=\"alignnone size-full wp-image-6000\" src=\"https:\/\/vivasecret.md\/wp-content\/uploads\/2025\/03\/317727_facebook_social-media_social_icon.png\" alt=\"\" width=\"24\" height=\"24\" srcset=\"https:\/\/vivasecret.md\/wp-content\/uploads\/2025\/03\/317727_facebook_social-media_social_icon.png 24w, https:\/\/vivasecret.md\/wp-content\/uploads\/2025\/03\/317727_facebook_social-media_social_icon-12x12.png 12w\" sizes=\"auto, (max-width: 24px) 100vw, 24px\" \/>\u00a0<strong><a href=\"https:\/\/www.facebook.com\/vivasecret.md\">Facebook<\/a><\/strong>\u00a0\u0434\u043b\u044f \u0437\u0430\u043a\u0430\u0437\u0430 \u0438\u043b\u0438 \u0443\u0442\u043e\u0447\u043d\u0435\u043d\u0438\u044f \u043d\u0430\u043b\u0438\u0447\u0438\u044f.<\/p>","protected":false},"featured_media":6260,"template":"","meta":{"_uag_custom_page_level_css":"","site-sidebar-layout":"default","site-content-layout":"","ast-site-content-layout":"default","site-content-style":"default","site-sidebar-style":"default","ast-global-header-display":"","ast-banner-title-visibility":"","ast-main-header-display":"","ast-hfb-above-header-display":"","ast-hfb-below-header-display":"","ast-hfb-mobile-header-display":"","site-post-title":"","ast-breadcrumbs-content":"","ast-featured-img":"","footer-sml-layout":"","ast-disable-related-posts":"","theme-transparent-header-meta":"default","adv-header-id-meta":"","stick-header-meta":"","header-above-stick-meta":"","header-main-stick-meta":"","header-below-stick-meta":"","astra-migrate-meta-layouts":"set","ast-page-background-enabled":"default","ast-page-background-meta":{"desktop":{"background-color":"","background-image":"","background-repeat":"repeat","background-position":"center center","background-size":"auto","background-attachment":"scroll","background-type":"","background-media":"","overlay-type":"","overlay-color":"","overlay-opacity":"","overlay-gradient":""},"tablet":{"background-color":"","background-image":"","background-repeat":"repeat","background-position":"center center","background-size":"auto","background-attachment":"scroll","background-type":"","background-media":"","overlay-type":"","overlay-color":"","overlay-opacity":"","overlay-gradient":""},"mobile":{"background-color":"","background-image":"","background-repeat":"repeat","background-position":"center center","background-size":"auto","background-attachment":"scroll","background-type":"","background-media":"","overlay-type":"","overlay-color":"","overlay-opacity":"","overlay-gradient":""}},"ast-content-background-meta":{"desktop":{"background-color":"var(--ast-global-color-5)","background-image":"","background-repeat":"repeat","background-position":"center center","background-size":"auto","background-attachment":"scroll","background-type":"","background-media":"","overlay-type":"","overlay-color":"","overlay-opacity":"","overlay-gradient":""},"tablet":{"background-color":"var(--ast-global-color-5)","background-image":"","background-repeat":"repeat","background-position":"center center","background-size":"auto","background-attachment":"scroll","background-type":"","background-media":"","overlay-type":"","overlay-color":"","overlay-opacity":"","overlay-gradient":""},"mobile":{"background-color":"var(--ast-global-color-5)","background-image":"","background-repeat":"repeat","background-position":"center center","background-size":"auto","background-attachment":"scroll","background-type":"","background-media":"","overlay-type":"","overlay-color":"","overlay-opacity":"","overlay-gradient":""}}},"product_brand":[64],"product_cat":[63],"product_tag":[],"class_list":{"0":"post-6259","1":"product","2":"type-product","3":"status-publish","4":"has-post-thumbnail","6":"product_brand-victorias-secret","7":"product_cat-lotions","8":"pa_scent-midnight-bloom","9":"pa_shimmer-no","10":"desktop-align-left","11":"tablet-align-left","12":"mobile-align-left","14":"first","15":"instock","16":"shipping-taxable","17":"purchasable","18":"product-type-simple"},"yoast_head":"<!-- This site is optimized with the Yoast SEO plugin v27.3 - https:\/\/yoast.com\/product\/yoast-seo-wordpress\/ -->\n<title>\u041b\u043e\u0441\u044c\u043e\u043d \u0434\u043b\u044f \u0442\u0435\u043b\u0430 Victoria\u2019s Secret Midnight Bloom - VivaSecret - Victoria\u2019s Secret Moldova<\/title>\n<meta name=\"description\" content=\"\u041b\u043e\u0441\u044c\u043e\u043d \u0434\u043b\u044f \u0442\u0435\u043b\u0430 Victoria\u2019s Secret Midnight Bloom \u0441 \u0430\u0440\u043e\u043c\u0430\u0442\u043e\u043c \u043d\u043e\u0447\u043d\u044b\u0445 \u0446\u0432\u0435\u0442\u043e\u0432, \u043a\u0440\u0435\u043c\u043e\u0432\u043e\u0433\u043e \u0434\u0435\u0440\u0435\u0432\u0430 \u0438 \u043b\u0451\u0433\u043a\u043e\u0439 \u0441\u043b\u0430\u0434\u043e\u0441\u0442\u0438. \u0421\u043c\u044f\u0433\u0447\u0430\u0435\u0442 \u0438 \u043f\u0438\u0442\u0430\u0435\u0442 \u043a\u043e\u0436\u0443.\" \/>\n<meta name=\"robots\" content=\"index, follow, max-snippet:-1, max-image-preview:large, max-video-preview:-1\" \/>\n<link rel=\"canonical\" href=\"https:\/\/vivasecret.md\/ro\/produs\/midnight-bloom-body-lotion-2\/\" \/>\n<meta property=\"og:locale\" content=\"ro_RO\" \/>\n<meta property=\"og:type\" content=\"article\" \/>\n<meta property=\"og:title\" content=\"\u041b\u043e\u0441\u044c\u043e\u043d \u0434\u043b\u044f \u0442\u0435\u043b\u0430 Victoria\u2019s Secret Midnight Bloom - VivaSecret - Victoria\u2019s Secret Moldova\" \/>\n<meta property=\"og:description\" content=\"\u041b\u043e\u0441\u044c\u043e\u043d \u0434\u043b\u044f \u0442\u0435\u043b\u0430 Victoria\u2019s Secret Midnight Bloom \u0441 \u0430\u0440\u043e\u043c\u0430\u0442\u043e\u043c \u043d\u043e\u0447\u043d\u044b\u0445 \u0446\u0432\u0435\u0442\u043e\u0432, \u043a\u0440\u0435\u043c\u043e\u0432\u043e\u0433\u043e \u0434\u0435\u0440\u0435\u0432\u0430 \u0438 \u043b\u0451\u0433\u043a\u043e\u0439 \u0441\u043b\u0430\u0434\u043e\u0441\u0442\u0438. \u0421\u043c\u044f\u0433\u0447\u0430\u0435\u0442 \u0438 \u043f\u0438\u0442\u0430\u0435\u0442 \u043a\u043e\u0436\u0443.\" \/>\n<meta property=\"og:url\" content=\"https:\/\/vivasecret.md\/ro\/produs\/midnight-bloom-body-lotion-2\/\" \/>\n<meta property=\"og:site_name\" content=\"VivaSecret - Victoria\u2019s Secret Moldova\" \/>\n<meta property=\"article:publisher\" content=\"https:\/\/www.facebook.com\/vivasecret.md\" \/>\n<meta property=\"article:modified_time\" content=\"2026-02-17T19:18:49+00:00\" \/>\n<meta property=\"og:image\" content=\"https:\/\/vivasecret.md\/wp-content\/uploads\/2025\/09\/112592024285_OM_F.webp\" \/>\n\t<meta property=\"og:image:width\" content=\"1520\" \/>\n\t<meta property=\"og:image:height\" content=\"2026\" \/>\n\t<meta property=\"og:image:type\" content=\"image\/webp\" \/>\n<meta name=\"twitter:card\" content=\"summary_large_image\" \/>\n<meta name=\"twitter:label1\" content=\"Timp estimat pentru citire\" \/>\n\t<meta name=\"twitter:data1\" content=\"1 minut\" \/>\n<script type=\"application\/ld+json\" class=\"yoast-schema-graph\">{\"@context\":\"https:\\\/\\\/schema.org\",\"@graph\":[{\"@type\":\"WebPage\",\"@id\":\"https:\\\/\\\/vivasecret.md\\\/product\\\/midnight-bloom-body-lotion-2\\\/\",\"url\":\"https:\\\/\\\/vivasecret.md\\\/product\\\/midnight-bloom-body-lotion-2\\\/\",\"name\":\"\u041b\u043e\u0441\u044c\u043e\u043d \u0434\u043b\u044f \u0442\u0435\u043b\u0430 Victoria\u2019s Secret Midnight Bloom - VivaSecret - Victoria\u2019s Secret Moldova\",\"isPartOf\":{\"@id\":\"https:\\\/\\\/vivasecret.md\\\/#website\"},\"primaryImageOfPage\":{\"@id\":\"https:\\\/\\\/vivasecret.md\\\/product\\\/midnight-bloom-body-lotion-2\\\/#primaryimage\"},\"image\":{\"@id\":\"https:\\\/\\\/vivasecret.md\\\/product\\\/midnight-bloom-body-lotion-2\\\/#primaryimage\"},\"thumbnailUrl\":\"https:\\\/\\\/vivasecret.md\\\/wp-content\\\/uploads\\\/2025\\\/09\\\/112592024285_OM_F.webp\",\"datePublished\":\"2025-03-22T19:01:56+00:00\",\"dateModified\":\"2026-02-17T19:18:49+00:00\",\"description\":\"\u041b\u043e\u0441\u044c\u043e\u043d \u0434\u043b\u044f \u0442\u0435\u043b\u0430 Victoria\u2019s Secret Midnight Bloom \u0441 \u0430\u0440\u043e\u043c\u0430\u0442\u043e\u043c \u043d\u043e\u0447\u043d\u044b\u0445 \u0446\u0432\u0435\u0442\u043e\u0432, \u043a\u0440\u0435\u043c\u043e\u0432\u043e\u0433\u043e \u0434\u0435\u0440\u0435\u0432\u0430 \u0438 \u043b\u0451\u0433\u043a\u043e\u0439 \u0441\u043b\u0430\u0434\u043e\u0441\u0442\u0438. \u0421\u043c\u044f\u0433\u0447\u0430\u0435\u0442 \u0438 \u043f\u0438\u0442\u0430\u0435\u0442 \u043a\u043e\u0436\u0443.\",\"breadcrumb\":{\"@id\":\"https:\\\/\\\/vivasecret.md\\\/product\\\/midnight-bloom-body-lotion-2\\\/#breadcrumb\"},\"inLanguage\":\"ro-RO\",\"potentialAction\":[{\"@type\":\"ReadAction\",\"target\":[\"https:\\\/\\\/vivasecret.md\\\/product\\\/midnight-bloom-body-lotion-2\\\/\"]}]},{\"@type\":\"ImageObject\",\"inLanguage\":\"ro-RO\",\"@id\":\"https:\\\/\\\/vivasecret.md\\\/product\\\/midnight-bloom-body-lotion-2\\\/#primaryimage\",\"url\":\"https:\\\/\\\/vivasecret.md\\\/wp-content\\\/uploads\\\/2025\\\/09\\\/112592024285_OM_F.webp\",\"contentUrl\":\"https:\\\/\\\/vivasecret.md\\\/wp-content\\\/uploads\\\/2025\\\/09\\\/112592024285_OM_F.webp\",\"width\":1520,\"height\":2026},{\"@type\":\"BreadcrumbList\",\"@id\":\"https:\\\/\\\/vivasecret.md\\\/product\\\/midnight-bloom-body-lotion-2\\\/#breadcrumb\",\"itemListElement\":[{\"@type\":\"ListItem\",\"position\":1,\"name\":\"\u0413\u043b\u0430\u0432\u043d\u0430\u044f \u0441\u0442\u0440\u0430\u043d\u0438\u0446\u0430\",\"item\":\"https:\\\/\\\/vivasecret.md\\\/\"},{\"@type\":\"ListItem\",\"position\":2,\"name\":\"\u041a\u0430\u0442\u0430\u043b\u043e\u0433\",\"item\":\"https:\\\/\\\/vivasecret.md\\\/store\\\/\"},{\"@type\":\"ListItem\",\"position\":3,\"name\":\"\u041b\u043e\u0441\u044c\u043e\u043d \u0434\u043b\u044f \u0442\u0435\u043b\u0430 Victoria\u2019s Secret Midnight Bloom\"}]},{\"@type\":\"WebSite\",\"@id\":\"https:\\\/\\\/vivasecret.md\\\/#website\",\"url\":\"https:\\\/\\\/vivasecret.md\\\/\",\"name\":\"VivaSecret | Victoria\u2019s Secret \u0432 \u041c\u043e\u043b\u0434\u043e\u0432\u0435\",\"description\":\"\u041e\u0440\u0438\u0433\u0438\u043d\u0430\u043b\u044c\u043d\u044b\u0435 \u043c\u0438\u0441\u0442\u044b \u0438 \u043b\u043e\u0441\u044c\u043e\u043d\u044b Victoria\u2019s Secret\",\"publisher\":{\"@id\":\"https:\\\/\\\/vivasecret.md\\\/#organization\"},\"potentialAction\":[{\"@type\":\"SearchAction\",\"target\":{\"@type\":\"EntryPoint\",\"urlTemplate\":\"https:\\\/\\\/vivasecret.md\\\/?s={search_term_string}\"},\"query-input\":{\"@type\":\"PropertyValueSpecification\",\"valueRequired\":true,\"valueName\":\"search_term_string\"}}],\"inLanguage\":\"ro-RO\"},{\"@type\":\"Organization\",\"@id\":\"https:\\\/\\\/vivasecret.md\\\/#organization\",\"name\":\"VivaSecret | Victoria\u2019s Secret \u0432 \u041c\u043e\u043b\u0434\u043e\u0432\u0435\",\"url\":\"https:\\\/\\\/vivasecret.md\\\/\",\"logo\":{\"@type\":\"ImageObject\",\"inLanguage\":\"ro-RO\",\"@id\":\"https:\\\/\\\/vivasecret.md\\\/#\\\/schema\\\/logo\\\/image\\\/\",\"url\":\"https:\\\/\\\/vivasecret.md\\\/wp-content\\\/uploads\\\/2025\\\/09\\\/Viva-Secret-22.png\",\"contentUrl\":\"https:\\\/\\\/vivasecret.md\\\/wp-content\\\/uploads\\\/2025\\\/09\\\/Viva-Secret-22.png\",\"width\":2048,\"height\":2048,\"caption\":\"VivaSecret | Victoria\u2019s Secret \u0432 \u041c\u043e\u043b\u0434\u043e\u0432\u0435\"},\"image\":{\"@id\":\"https:\\\/\\\/vivasecret.md\\\/#\\\/schema\\\/logo\\\/image\\\/\"},\"sameAs\":[\"https:\\\/\\\/www.facebook.com\\\/vivasecret.md\"]}]}<\/script>\n<!-- \/ Yoast SEO plugin. -->","yoast_head_json":{"title":"\u041b\u043e\u0441\u044c\u043e\u043d \u0434\u043b\u044f \u0442\u0435\u043b\u0430 Victoria\u2019s Secret Midnight Bloom - VivaSecret - Victoria\u2019s Secret Moldova","description":"\u041b\u043e\u0441\u044c\u043e\u043d \u0434\u043b\u044f \u0442\u0435\u043b\u0430 Victoria\u2019s Secret Midnight Bloom \u0441 \u0430\u0440\u043e\u043c\u0430\u0442\u043e\u043c \u043d\u043e\u0447\u043d\u044b\u0445 \u0446\u0432\u0435\u0442\u043e\u0432, \u043a\u0440\u0435\u043c\u043e\u0432\u043e\u0433\u043e \u0434\u0435\u0440\u0435\u0432\u0430 \u0438 \u043b\u0451\u0433\u043a\u043e\u0439 \u0441\u043b\u0430\u0434\u043e\u0441\u0442\u0438. \u0421\u043c\u044f\u0433\u0447\u0430\u0435\u0442 \u0438 \u043f\u0438\u0442\u0430\u0435\u0442 \u043a\u043e\u0436\u0443.","robots":{"index":"index","follow":"follow","max-snippet":"max-snippet:-1","max-image-preview":"max-image-preview:large","max-video-preview":"max-video-preview:-1"},"canonical":"https:\/\/vivasecret.md\/ro\/produs\/midnight-bloom-body-lotion-2\/","og_locale":"ro_RO","og_type":"article","og_title":"\u041b\u043e\u0441\u044c\u043e\u043d \u0434\u043b\u044f \u0442\u0435\u043b\u0430 Victoria\u2019s Secret Midnight Bloom - VivaSecret - Victoria\u2019s Secret Moldova","og_description":"\u041b\u043e\u0441\u044c\u043e\u043d \u0434\u043b\u044f \u0442\u0435\u043b\u0430 Victoria\u2019s Secret Midnight Bloom \u0441 \u0430\u0440\u043e\u043c\u0430\u0442\u043e\u043c \u043d\u043e\u0447\u043d\u044b\u0445 \u0446\u0432\u0435\u0442\u043e\u0432, \u043a\u0440\u0435\u043c\u043e\u0432\u043e\u0433\u043e \u0434\u0435\u0440\u0435\u0432\u0430 \u0438 \u043b\u0451\u0433\u043a\u043e\u0439 \u0441\u043b\u0430\u0434\u043e\u0441\u0442\u0438. \u0421\u043c\u044f\u0433\u0447\u0430\u0435\u0442 \u0438 \u043f\u0438\u0442\u0430\u0435\u0442 \u043a\u043e\u0436\u0443.","og_url":"https:\/\/vivasecret.md\/ro\/produs\/midnight-bloom-body-lotion-2\/","og_site_name":"VivaSecret - Victoria\u2019s Secret Moldova","article_publisher":"https:\/\/www.facebook.com\/vivasecret.md","article_modified_time":"2026-02-17T19:18:49+00:00","og_image":[{"width":1520,"height":2026,"url":"https:\/\/vivasecret.md\/wp-content\/uploads\/2025\/09\/112592024285_OM_F.webp","type":"image\/webp"}],"twitter_card":"summary_large_image","twitter_misc":{"Timp estimat pentru citire":"1 minut"},"schema":{"@context":"https:\/\/schema.org","@graph":[{"@type":"WebPage","@id":"https:\/\/vivasecret.md\/product\/midnight-bloom-body-lotion-2\/","url":"https:\/\/vivasecret.md\/product\/midnight-bloom-body-lotion-2\/","name":"\u041b\u043e\u0441\u044c\u043e\u043d \u0434\u043b\u044f \u0442\u0435\u043b\u0430 Victoria\u2019s Secret Midnight Bloom - VivaSecret - Victoria\u2019s Secret Moldova","isPartOf":{"@id":"https:\/\/vivasecret.md\/#website"},"primaryImageOfPage":{"@id":"https:\/\/vivasecret.md\/product\/midnight-bloom-body-lotion-2\/#primaryimage"},"image":{"@id":"https:\/\/vivasecret.md\/product\/midnight-bloom-body-lotion-2\/#primaryimage"},"thumbnailUrl":"https:\/\/vivasecret.md\/wp-content\/uploads\/2025\/09\/112592024285_OM_F.webp","datePublished":"2025-03-22T19:01:56+00:00","dateModified":"2026-02-17T19:18:49+00:00","description":"\u041b\u043e\u0441\u044c\u043e\u043d \u0434\u043b\u044f \u0442\u0435\u043b\u0430 Victoria\u2019s Secret Midnight Bloom \u0441 \u0430\u0440\u043e\u043c\u0430\u0442\u043e\u043c \u043d\u043e\u0447\u043d\u044b\u0445 \u0446\u0432\u0435\u0442\u043e\u0432, \u043a\u0440\u0435\u043c\u043e\u0432\u043e\u0433\u043e \u0434\u0435\u0440\u0435\u0432\u0430 \u0438 \u043b\u0451\u0433\u043a\u043e\u0439 \u0441\u043b\u0430\u0434\u043e\u0441\u0442\u0438. \u0421\u043c\u044f\u0433\u0447\u0430\u0435\u0442 \u0438 \u043f\u0438\u0442\u0430\u0435\u0442 \u043a\u043e\u0436\u0443.","breadcrumb":{"@id":"https:\/\/vivasecret.md\/product\/midnight-bloom-body-lotion-2\/#breadcrumb"},"inLanguage":"ro-RO","potentialAction":[{"@type":"ReadAction","target":["https:\/\/vivasecret.md\/product\/midnight-bloom-body-lotion-2\/"]}]},{"@type":"ImageObject","inLanguage":"ro-RO","@id":"https:\/\/vivasecret.md\/product\/midnight-bloom-body-lotion-2\/#primaryimage","url":"https:\/\/vivasecret.md\/wp-content\/uploads\/2025\/09\/112592024285_OM_F.webp","contentUrl":"https:\/\/vivasecret.md\/wp-content\/uploads\/2025\/09\/112592024285_OM_F.webp","width":1520,"height":2026},{"@type":"BreadcrumbList","@id":"https:\/\/vivasecret.md\/product\/midnight-bloom-body-lotion-2\/#breadcrumb","itemListElement":[{"@type":"ListItem","position":1,"name":"\u0413\u043b\u0430\u0432\u043d\u0430\u044f \u0441\u0442\u0440\u0430\u043d\u0438\u0446\u0430","item":"https:\/\/vivasecret.md\/"},{"@type":"ListItem","position":2,"name":"\u041a\u0430\u0442\u0430\u043b\u043e\u0433","item":"https:\/\/vivasecret.md\/store\/"},{"@type":"ListItem","position":3,"name":"\u041b\u043e\u0441\u044c\u043e\u043d \u0434\u043b\u044f \u0442\u0435\u043b\u0430 Victoria\u2019s Secret Midnight Bloom"}]},{"@type":"WebSite","@id":"https:\/\/vivasecret.md\/#website","url":"https:\/\/vivasecret.md\/","name":"VivaSecret | Victoria\u2019s Secret \u0432 \u041c\u043e\u043b\u0434\u043e\u0432\u0435","description":"\u041e\u0440\u0438\u0433\u0438\u043d\u0430\u043b\u044c\u043d\u044b\u0435 \u043c\u0438\u0441\u0442\u044b \u0438 \u043b\u043e\u0441\u044c\u043e\u043d\u044b Victoria\u2019s Secret","publisher":{"@id":"https:\/\/vivasecret.md\/#organization"},"potentialAction":[{"@type":"SearchAction","target":{"@type":"EntryPoint","urlTemplate":"https:\/\/vivasecret.md\/?s={search_term_string}"},"query-input":{"@type":"PropertyValueSpecification","valueRequired":true,"valueName":"search_term_string"}}],"inLanguage":"ro-RO"},{"@type":"Organization","@id":"https:\/\/vivasecret.md\/#organization","name":"VivaSecret | Victoria\u2019s Secret \u0432 \u041c\u043e\u043b\u0434\u043e\u0432\u0435","url":"https:\/\/vivasecret.md\/","logo":{"@type":"ImageObject","inLanguage":"ro-RO","@id":"https:\/\/vivasecret.md\/#\/schema\/logo\/image\/","url":"https:\/\/vivasecret.md\/wp-content\/uploads\/2025\/09\/Viva-Secret-22.png","contentUrl":"https:\/\/vivasecret.md\/wp-content\/uploads\/2025\/09\/Viva-Secret-22.png","width":2048,"height":2048,"caption":"VivaSecret | Victoria\u2019s Secret \u0432 \u041c\u043e\u043b\u0434\u043e\u0432\u0435"},"image":{"@id":"https:\/\/vivasecret.md\/#\/schema\/logo\/image\/"},"sameAs":["https:\/\/www.facebook.com\/vivasecret.md"]}]}},"uagb_featured_image_src":{"full":["https:\/\/vivasecret.md\/wp-content\/uploads\/2025\/09\/112592024285_OM_F.webp",1520,2026,false],"thumbnail":["https:\/\/vivasecret.md\/wp-content\/uploads\/2025\/09\/112592024285_OM_F-150x150.webp",150,150,true],"medium":["https:\/\/vivasecret.md\/wp-content\/uploads\/2025\/09\/112592024285_OM_F-225x300.webp",225,300,true],"medium_large":["https:\/\/vivasecret.md\/wp-content\/uploads\/2025\/09\/112592024285_OM_F-768x1024.webp",768,1024,true],"large":["https:\/\/vivasecret.md\/wp-content\/uploads\/2025\/09\/112592024285_OM_F-768x1024.webp",768,1024,true],"1536x1536":["https:\/\/vivasecret.md\/wp-content\/uploads\/2025\/09\/112592024285_OM_F-1152x1536.webp",1152,1536,true],"2048x2048":["https:\/\/vivasecret.md\/wp-content\/uploads\/2025\/09\/112592024285_OM_F.webp",1520,2026,false],"trp-custom-language-flag":["https:\/\/vivasecret.md\/wp-content\/uploads\/2025\/09\/112592024285_OM_F-9x12.webp",9,12,true],"woocommerce_thumbnail":["https:\/\/vivasecret.md\/wp-content\/uploads\/2025\/09\/112592024285_OM_F-300x400.webp",300,400,true],"woocommerce_single":["https:\/\/vivasecret.md\/wp-content\/uploads\/2025\/09\/112592024285_OM_F-600x800.webp",600,800,true],"woocommerce_gallery_thumbnail":["https:\/\/vivasecret.md\/wp-content\/uploads\/2025\/09\/112592024285_OM_F-100x100.webp",100,100,true]},"uagb_author_info":{"display_name":"admin","author_link":"https:\/\/vivasecret.md\/ro\/author\/"},"uagb_comment_info":0,"uagb_excerpt":"\u041e\u043a\u0443\u043d\u0438\u0442\u0435\u0441\u044c \u0432 \u0447\u0430\u0440\u0443\u044e\u0449\u0443\u044e \u0430\u0442\u043c\u043e\u0441\u0444\u0435\u0440\u0443 \u043d\u043e\u0447\u043d\u043e\u0433\u043e \u0441\u0430\u0434\u0430 \u0441 Midnight Bloom\u00a0\u043e\u0442 Victoria\u2019s Secret! \u042d\u0442\u043e\u0442 \u0448\u0451\u043b\u043a\u043e\u0432\u0438\u0441\u0442\u044b\u0439 \u043b\u043e\u0441\u044c\u043e\u043d \u0441 \u043c\u0430\u0441\u043b\u043e\u043c \u0448\u0438 \u0438 \u043a\u043e\u043a\u043e\u0441\u043e\u0432\u044b\u043c \u043c\u0430\u0441\u043b\u043e\u043c \ud83e\uddf4\ud83e\udd65 \u0443\u0432\u043b\u0430\u0436\u043d\u044f\u0435\u0442 \u043a\u043e\u0436\u0443 \u043d\u0430 24 \u0447\u0430\u0441\u0430, \u043e\u0441\u0442\u0430\u0432\u043b\u044f\u044f \u0435\u0451 \u043d\u0435\u0436\u043d\u043e\u0439, \u043c\u044f\u0433\u043a\u043e\u0439 \u0438 \u043e\u043a\u0443\u0442\u0430\u043d\u043d\u043e\u0439 \u0442\u0451\u043f\u043b\u044b\u043c, \u0446\u0432\u0435\u0442\u043e\u0447\u043d\u044b\u043c \u0430\u0440\u043e\u043c\u0430\u0442\u043e\u043c \u043b\u0443\u043d\u043d\u044b\u0445 \u0446\u0432\u0435\u0442\u043e\u0432 \u0438 \u043a\u0440\u0435\u043c\u043e\u0432\u044b\u0445 \u0434\u0440\u0435\u0432\u0435\u0441\u043d\u044b\u0445 \u043d\u043e\u0442 \ud83c\udf38\ud83c\udf19. \u0410\u0440\u043e\u043c\u0430\u0442, \u0441\u043b\u043e\u0432\u043d\u043e \u043d\u043e\u0447\u044c, \u043f\u043e\u043b\u043d\u0430\u044f \u0437\u0432\u0451\u0437\u0434 \u0438 \u0440\u043e\u043c\u0430\u043d\u0442\u0438\u043a\u0438 \u2014 \u0434\u043b\u044f \u043c\u0435\u0447\u0442\u0430\u0442\u0435\u043b\u044c\u043d\u0438\u0446 \u0438 \u0442\u0435\u0445, \u043a\u0442\u043e&hellip;","_links":{"self":[{"href":"https:\/\/vivasecret.md\/ro\/wp-json\/wp\/v2\/product\/6259","targetHints":{"allow":["GET"]}}],"collection":[{"href":"https:\/\/vivasecret.md\/ro\/wp-json\/wp\/v2\/product"}],"about":[{"href":"https:\/\/vivasecret.md\/ro\/wp-json\/wp\/v2\/types\/product"}],"wp:featuredmedia":[{"embeddable":true,"href":"https:\/\/vivasecret.md\/ro\/wp-json\/wp\/v2\/media\/6260"}],"wp:attachment":[{"href":"https:\/\/vivasecret.md\/ro\/wp-json\/wp\/v2\/media?parent=6259"}],"wp:term":[{"taxonomy":"product_brand","embeddable":true,"href":"https:\/\/vivasecret.md\/ro\/wp-json\/wp\/v2\/product_brand?post=6259"},{"taxonomy":"product_cat","embeddable":true,"href":"https:\/\/vivasecret.md\/ro\/wp-json\/wp\/v2\/product_cat?post=6259"},{"taxonomy":"product_tag","embeddable":true,"href":"https:\/\/vivasecret.md\/ro\/wp-json\/wp\/v2\/product_tag?post=6259"}],"curies":[{"name":"wp","href":"https:\/\/api.w.org\/{rel}","templated":true}]}}